{"id":1079,"date":"2024-08-25T19:11:43","date_gmt":"2024-08-25T17:11:43","guid":{"rendered":"https:\/\/www.pokojewgdyni.pl\/?page_id=1079"},"modified":"2024-08-25T19:13:13","modified_gmt":"2024-08-25T17:13:13","slug":"regulamin-pobytu-z-zwierzeciem-w-kamienica-morska-gdynia","status":"publish","type":"page","link":"https:\/\/www.pokojewgdyni.pl\/ru\/regulamin-pobytu-z-zwierzeciem-w-kamienica-morska-gdynia\/","title":{"rendered":"Regulamin pobytu z zwierz\u0119ciem w Kamienica Morska Gdynia"},"content":{"rendered":"\t\t<div data-elementor-type=\"wp-page\" data-elementor-id=\"1079\" class=\"elementor elementor-1079\" data-elementor-post-type=\"page\">\n\t\t\t\t\t\t<section class=\"elementor-section elementor-top-section elementor-element elementor-element-49e1458 elementor-section-height-min-height elementor-section-boxed elementor-section-height-default elementor-section-items-middle\" data-id=\"49e1458\" data-element_type=\"section\" data-e-type=\"section\" data-settings=\"{&quot;background_background&quot;:&quot;classic&quot;,&quot;background_motion_fx_motion_fx_scrolling&quot;:&quot;yes&quot;,&quot;background_motion_fx_scale_effect&quot;:&quot;yes&quot;,&quot;background_motion_fx_scale_speed&quot;:{&quot;unit&quot;:&quot;px&quot;,&quot;size&quot;:6,&quot;sizes&quot;:[]},&quot;background_motion_fx_scale_range&quot;:{&quot;unit&quot;:&quot;%&quot;,&quot;size&quot;:&quot;&quot;,&quot;sizes&quot;:{&quot;start&quot;:47,&quot;end&quot;:85}},&quot;background_motion_fx_scale_direction&quot;:&quot;out-in&quot;,&quot;background_motion_fx_devices&quot;:[&quot;desktop&quot;,&quot;tablet&quot;,&quot;mobile&quot;]}\">\n\t\t\t\t\t\t\t<div class=\"elementor-background-overlay\"><\/div>\n\t\t\t\t\t\t\t<div class=\"elementor-container elementor-column-gap-default\">\n\t\t\t\t\t<div class=\"elementor-column elementor-col-100 elementor-top-column elementor-element elementor-element-2fdcd6b\" data-id=\"2fdcd6b\" data-element_type=\"column\" data-e-type=\"column\">\n\t\t\t<div class=\"elementor-widget-wrap elementor-element-populated\">\n\t\t\t\t\t\t<div class=\"elementor-element elementor-element-ca54b35 elementor-invisible elementor-widget elementor-widget-heading\" data-id=\"ca54b35\" data-element_type=\"widget\" data-e-type=\"widget\" data-settings=\"{&quot;_animation&quot;:&quot;fadeInDown&quot;,&quot;_animation_delay&quot;:500}\" data-widget_type=\"heading.default\">\n\t\t\t\t<div class=\"elementor-widget-container\">\n\t\t\t\t\t<h1 class=\"elementor-heading-title elementor-size-default\">Regulamin pobytu z zwierz\u0119ciem w Kamienica Morska Gdynia<\/h1>\t\t\t\t<\/div>\n\t\t\t\t<\/div>\n\t\t\t\t<div class=\"elementor-element elementor-element-4fa2535 elementor-invisible elementor-widget elementor-widget-image\" data-id=\"4fa2535\" data-element_type=\"widget\" data-e-type=\"widget\" data-settings=\"{&quot;_animation&quot;:&quot;fadeInDown&quot;}\" data-widget_type=\"image.default\">\n\t\t\t\t<div class=\"elementor-widget-container\">\n\t\t\t\t\t\t\t\t\t\t\t\t\t\t\t<img decoding=\"async\" width=\"200\" height=\"15\" src=\"https:\/\/www.pokojewgdyni.pl\/wp-content\/uploads\/2019\/11\/divider.png\" class=\"attachment-full size-full wp-image-89\" alt=\"\" \/>\t\t\t\t\t\t\t\t\t\t\t\t\t\t\t<\/div>\n\t\t\t\t<\/div>\n\t\t\t\t\t<\/div>\n\t\t<\/div>\n\t\t\t\t\t<\/div>\n\t\t<\/section>\n\t\t\t\t<section class=\"elementor-section elementor-top-section elementor-element elementor-element-74a2c32 elementor-section-boxed elementor-section-height-default elementor-section-height-default\" data-id=\"74a2c32\" data-element_type=\"section\" data-e-type=\"section\">\n\t\t\t\t\t\t<div class=\"elementor-container elementor-column-gap-default\">\n\t\t\t\t\t<div class=\"elementor-column elementor-col-100 elementor-top-column elementor-element elementor-element-9498365\" data-id=\"9498365\" data-element_type=\"column\" data-e-type=\"column\">\n\t\t\t<div class=\"elementor-widget-wrap elementor-element-populated\">\n\t\t\t\t\t\t<div class=\"elementor-element elementor-element-b025a95 elementor-widget elementor-widget-text-editor\" data-id=\"b025a95\" data-element_type=\"widget\" data-e-type=\"widget\" data-widget_type=\"text-editor.default\">\n\t\t\t\t<div class=\"elementor-widget-container\">\n\t\t\t\t\t\t\t\t\t<p>\u00a0<\/p><ol><li>Kamienica Morska Gdynia w Gdyni przyjmuje Go\u015bci wraz z psami oraz kotami w zale\u017cno\u015bci od dost\u0119pno\u015bci odpowiednich pokoi. Na pobyt innych zwierz\u0105t ni\u017c psy i koty (zwanych dalej zwierz\u0119) Obiekt nie wyra\u017ca zgody.<\/li><li>Go\u015b\u0107 Hotelowy zobowi\u0105zany jest do uzyskania zgody Hotelu na pobyt zwierz\u0119cia przy dokonaniu rezerwacji.<\/li><li>Zakwaterowanie Go\u015bci Hotelowych z zwierz\u0119ciem jest mo\u017cliwe jedynie w pokojach do tego wyznaczonych. W przypadku ich braku przyj\u0119cie zwierz\u0119cia nie b\u0119dzie mo\u017cliwe<\/li><li>Podczas rezerwacji konieczne jest podanie rasy psa. Kamienica Morska Gdynia zastrzega sobie prawo do odmowy przyj\u0119cia psa, kt\u00f3rego rasa jest powszechnie uznawana za gro\u017an\u0105 lub agresywn\u0105 lub kt\u00f3rego waga przewy\u017csza 5 kg. Pobyt ps\u00f3w wi\u0119kszych jest mo\u017cliwy tylko po indywidualnym kontakcie i zgodzie Obiektu<\/li><li>Koszt pobytu zwierz\u0119cia jest p\u0142atny wed\u0142ug obwi\u0105zuj\u0105cego aktualnie cennika us\u0142ug dodatkowych.<\/li><li>Do Obiektu przyjmowane s\u0105 zwierz\u0119ta zdrowe, odrobaczone, posiadaj\u0105ce ksi\u0105\u017ceczk\u0119 zdrowia z aktualnymi obowi\u0105zkowymi szczepieniami. Kamienica Morska Gdynia ma prawo prosi\u0107 o okazanie ksi\u0105\u017ceczki zdrowia zwierz\u0119cia oraz mo\u017ce odm\u00f3wi\u0107 przyj\u0119cia chorego. Ponadto W\u0142a\u015bciciel po\u015bwiadcza, \u017ce zwierz\u0119 jest zdrowe i nie stanowi zagro\u017cenia dla innych os\u00f3b i zwierz\u0105t.<\/li><li>W miejscach og\u00f3lnodost\u0119pnych W\u0142a\u015bciciel ma obowi\u0105zek trzymania psa na smyczy i w kaga\u0144cu. Obowi\u0105zuje zakaz wprowadzania psa do pomieszcze\u0144 rekreacyjnych.<\/li><li>Je\u017celi po\u015bciel, materac, wyk\u0142adzina lub inne elementy wyposa\u017cenia pokoju, w kt\u00f3rym przebywa zwierz\u0119, b\u0119d\u0105 przez nie zabrudzone (sier\u015b\u0107, b\u0142oto) lub uszkodzone, W\u0142a\u015bciciel jest zobowi\u0105zany do pokrycia koszt\u00f3w wyrz\u0105dzonych szk\u00f3d w cenie okre\u015blonej przez Dyrekcj\u0119 Kamienica Morska Gdynia.<\/li><li>Niedopuszczalne jest wykorzystywanie hotelowych r\u0119cznik\u00f3w i bielizny po\u015bcielowej oraz naczy\u0144 dla potrzeb zwierz\u0105t, przebywanie zwierz\u0105t na \u0142\u00f3\u017cku i na sofach oraz za\u0142atwianie potrzeb fizjologicznych w pokoju.<\/li><li>W\u0142a\u015bciciel zobowi\u0105zany jest posiada\u0107 w\u0142asne pos\u0142anie i miski do wody i pokarm\u00f3w dla zwierz\u0119cia.<\/li><li>W\u0142a\u015bciciel ponosi odpowiedzialno\u015b\u0107 materialn\u0105 za zachowanie psa. Wszystkie szkody spowodowane przez zwierz\u0119 w mieniu Kamienica Morska Gdynia b\u0105d\u017a w mieniu innych Go\u015bci oraz zabrudzenia wymagaj\u0105ce dodatkowej pracy personelu obiektu b\u0119d\u0105 wyceniane przez obiekt, a ich kosztami b\u0119dzie obci\u0105\u017cony W\u0142a\u015bciciel zwierz\u0119<\/li><li>W\u0142a\u015bciciel jest odpowiedzialny za zachowanie w pokoju ciszy przez swojego zwierz\u0119cia i nie zak\u0142\u00f3canie spokoju innym Go\u015bciom. W przypadku powtarzaj\u0105cych si\u0119 skarg ze strony Go\u015bci lub personelu obiekt zastrzega sobie prawo \u017c\u0105dania usuni\u0119cia zwierz\u0119cia z obiektu. W ekstremalnych warunkach, gdy kontakt z W\u0142a\u015bcicielem nie b\u0119dzie mo\u017cliwy obiekt zastrzega sobie prawo do wej\u015bcia personelu do pokoju Go\u015bcia, r\u00f3wnie\u017c z ewentualn\u0105 pomoc\u0105 odpowiednich s\u0142u\u017cb i odstawienia psa lub kota do najbli\u017cszego schroniska dla zwierz\u0105t. Wszystkie koszty wynik\u0142e z powy\u017cszych dzia\u0142a\u0144 pokrywa W\u0142a\u015bciciel zwierz\u0119<\/li><li>W przypadku pozostawienia psa samego w pokoju, prosimy o pozostawienie zawieszki na klamce, po zewn\u0119trznej stronie drzwi. Zawieszki s\u0105 dost\u0119pne w recepcji Kamienica Morska Gdynia.<\/li><li>Sprz\u0105tanie pokoju, w kt\u00f3rym przebywa zwierz\u0119 ze wzgl\u0119d\u00f3w bezpiecze\u0144stwa odbywa si\u0119 wy\u0142\u0105cznie w obecno\u015bci W\u0142a\u015bciciela lub podczas nieobecno\u015bci psa lub kota w pokoju. W celu ustalenia dogodnej godziny prosimy o kontakt z obs\u0142ug\u0105.<\/li><li>W\u0142a\u015bciciel zwierz\u0119cia jest ka\u017cdorazowo zobowi\u0105zany do sprz\u0105tania odchod\u00f3w pozostawionych przez swoje zwierz\u0119.<\/li><li>W\u0142a\u015bciciel zwierz\u0119cia jest odpowiedzialny za zastosowanie si\u0119 do regulaminu dotycz\u0105cego zachowania ciszy nocnej w obiekcie i niezak\u0142\u00f3cania spokoju innym go\u015bciom.<\/li><li>W\u0142a\u015bciciel o\u015bwiadcza, \u017ce zapozna\u0142 si\u0119 z regulaminem pobytu zwierz\u0105t w Kamienica Morska Gdynia i akceptuje jego zapisy.<\/li><\/ol>\t\t\t\t\t\t\t\t<\/div>\n\t\t\t\t<\/div>\n\t\t\t\t\t<\/div>\n\t\t<\/div>\n\t\t\t\t\t<\/div>\n\t\t<\/section>\n\t\t\t\t<\/div>\n\t\t","protected":false},"excerpt":{"rendered":"<p>\u00a0 Kamienica Morska Gdynia w Gdyni przyjmuje Go\u015bci wraz z psami oraz kotami w zale\u017cno\u015bci od dost\u0119pno\u015bci odpowiednich pokoi. Na pobyt innych zwierz\u0105t ni\u017c psy i koty (zwanych dalej zwierz\u0119) Obiekt nie wyra\u017ca zgody. Go\u015b\u0107 Hotelowy zobowi\u0105zany jest do uzyskania zgody Hotelu na pobyt zwierz\u0119cia przy dokonaniu rezerwacji. Zakwaterowanie Go\u015bci Hotelowych z zwierz\u0119ciem jest mo\u017cliwe [&hellip;]<\/p>\n","protected":false},"author":2,"featured_media":0,"parent":0,"menu_order":0,"comment_status":"closed","ping_status":"closed","template":"","meta":{"footnotes":""},"class_list":["post-1079","page","type-page","status-publish","hentry"],"_links":{"self":[{"href":"https:\/\/www.pokojewgdyni.pl\/ru\/wp-json\/wp\/v2\/pages\/1079","targetHints":{"allow":["GET"]}}],"collection":[{"href":"https:\/\/www.pokojewgdyni.pl\/ru\/wp-json\/wp\/v2\/pages"}],"about":[{"href":"https:\/\/www.pokojewgdyni.pl\/ru\/wp-json\/wp\/v2\/types\/page"}],"author":[{"embeddable":true,"href":"https:\/\/www.pokojewgdyni.pl\/ru\/wp-json\/wp\/v2\/users\/2"}],"replies":[{"embeddable":true,"href":"https:\/\/www.pokojewgdyni.pl\/ru\/wp-json\/wp\/v2\/comments?post=1079"}],"version-history":[{"count":7,"href":"https:\/\/www.pokojewgdyni.pl\/ru\/wp-json\/wp\/v2\/pages\/1079\/revisions"}],"predecessor-version":[{"id":1087,"href":"https:\/\/www.pokojewgdyni.pl\/ru\/wp-json\/wp\/v2\/pages\/1079\/revisions\/1087"}],"wp:attachment":[{"href":"https:\/\/www.pokojewgdyni.pl\/ru\/wp-json\/wp\/v2\/media?parent=1079"}],"curies":[{"name":"wp","href":"https:\/\/api.w.org\/{rel}","templated":true}]}}