{"id":1088,"date":"2024-08-25T19:16:24","date_gmt":"2024-08-25T17:16:24","guid":{"rendered":"https:\/\/www.pokojewgdyni.pl\/?page_id=1088"},"modified":"2024-08-25T19:19:02","modified_gmt":"2024-08-25T17:19:02","slug":"regulamin-obiektu","status":"publish","type":"page","link":"https:\/\/www.pokojewgdyni.pl\/ru\/regulamin-obiektu\/","title":{"rendered":"Regulamin obiektu"},"content":{"rendered":"\t\t<div data-elementor-type=\"wp-page\" data-elementor-id=\"1088\" class=\"elementor elementor-1088\" data-elementor-post-type=\"page\">\n\t\t\t\t\t\t<section class=\"elementor-section elementor-top-section elementor-element elementor-element-054502a elementor-section-height-min-height elementor-section-boxed elementor-section-height-default elementor-section-items-middle\" data-id=\"054502a\" data-element_type=\"section\" data-e-type=\"section\" data-settings=\"{&quot;background_background&quot;:&quot;classic&quot;,&quot;background_motion_fx_motion_fx_scrolling&quot;:&quot;yes&quot;,&quot;background_motion_fx_scale_effect&quot;:&quot;yes&quot;,&quot;background_motion_fx_scale_speed&quot;:{&quot;unit&quot;:&quot;px&quot;,&quot;size&quot;:6,&quot;sizes&quot;:[]},&quot;background_motion_fx_scale_range&quot;:{&quot;unit&quot;:&quot;%&quot;,&quot;size&quot;:&quot;&quot;,&quot;sizes&quot;:{&quot;start&quot;:47,&quot;end&quot;:85}},&quot;background_motion_fx_scale_direction&quot;:&quot;out-in&quot;,&quot;background_motion_fx_devices&quot;:[&quot;desktop&quot;,&quot;tablet&quot;,&quot;mobile&quot;]}\">\n\t\t\t\t\t\t\t<div class=\"elementor-background-overlay\"><\/div>\n\t\t\t\t\t\t\t<div class=\"elementor-container elementor-column-gap-default\">\n\t\t\t\t\t<div class=\"elementor-column elementor-col-100 elementor-top-column elementor-element elementor-element-11deaef\" data-id=\"11deaef\" data-element_type=\"column\" data-e-type=\"column\">\n\t\t\t<div class=\"elementor-widget-wrap elementor-element-populated\">\n\t\t\t\t\t\t<div class=\"elementor-element elementor-element-cd4e77b elementor-invisible elementor-widget elementor-widget-heading\" data-id=\"cd4e77b\" data-element_type=\"widget\" data-e-type=\"widget\" data-settings=\"{&quot;_animation&quot;:&quot;fadeInDown&quot;,&quot;_animation_delay&quot;:500}\" data-widget_type=\"heading.default\">\n\t\t\t\t<div class=\"elementor-widget-container\">\n\t\t\t\t\t<h1 class=\"elementor-heading-title elementor-size-default\">Regulamin obiektu<\/h1>\t\t\t\t<\/div>\n\t\t\t\t<\/div>\n\t\t\t\t<div class=\"elementor-element elementor-element-9058f49 elementor-invisible elementor-widget elementor-widget-image\" data-id=\"9058f49\" data-element_type=\"widget\" data-e-type=\"widget\" data-settings=\"{&quot;_animation&quot;:&quot;fadeInDown&quot;}\" data-widget_type=\"image.default\">\n\t\t\t\t<div class=\"elementor-widget-container\">\n\t\t\t\t\t\t\t\t\t\t\t\t\t\t\t<img decoding=\"async\" width=\"200\" height=\"15\" src=\"https:\/\/www.pokojewgdyni.pl\/wp-content\/uploads\/2019\/11\/divider.png\" class=\"attachment-full size-full wp-image-89\" alt=\"\" \/>\t\t\t\t\t\t\t\t\t\t\t\t\t\t\t<\/div>\n\t\t\t\t<\/div>\n\t\t\t\t\t<\/div>\n\t\t<\/div>\n\t\t\t\t\t<\/div>\n\t\t<\/section>\n\t\t\t\t<section class=\"elementor-section elementor-top-section elementor-element elementor-element-348b19b elementor-section-boxed elementor-section-height-default elementor-section-height-default\" data-id=\"348b19b\" data-element_type=\"section\" data-e-type=\"section\">\n\t\t\t\t\t\t<div class=\"elementor-container elementor-column-gap-default\">\n\t\t\t\t\t<div class=\"elementor-column elementor-col-100 elementor-top-column elementor-element elementor-element-a7c1c9d\" data-id=\"a7c1c9d\" data-element_type=\"column\" data-e-type=\"column\">\n\t\t\t<div class=\"elementor-widget-wrap elementor-element-populated\">\n\t\t\t\t\t\t<div class=\"elementor-element elementor-element-10ab770 elementor-widget elementor-widget-text-editor\" data-id=\"10ab770\" data-element_type=\"widget\" data-e-type=\"widget\" data-widget_type=\"text-editor.default\">\n\t\t\t\t<div class=\"elementor-widget-container\">\n\t\t\t\t\t\t\t\t\t<p>Obs\u0142uga Kamienica Morska Gdynia wysoko ceni\u0107 b\u0119dzie Pa\u0144stwa wsp\u00f3\u0142prac\u0119 w przestrzeganiu tego regulaminu, kt\u00f3ry ma s\u0142u\u017cy\u0107 zapewnieniu spokojnego i bezpiecznego pobytu naszych Go\u015bci.<\/p><p align=\"center\">\u00a71<\/p><p>1. Regulamin okre\u015bla zasady \u015bwiadczenia us\u0142ug, odpowiedzialno\u015bci oraz przebywania na terenie Kosayar Sp. z o.o. i jest integraln\u0105 cz\u0119\u015bci\u0105 umowy, do kt\u00f3rej zawarcia dochodzi poprzez okazanie pracownikowi recepcji dokumentu to\u017csamo\u015bci ze zdj\u0119ciem oraz podpisanie karty rejestracyjnej. Dokonuj\u0105c tych czynno\u015bci Go\u015b\u0107 potwierdza, i\u017c zapozna\u0142 si\u0119 i akceptuje warunki regulaminu.<\/p><p>2. Regulamin obowi\u0105zuje wszystkie osoby przebywaj\u0105ce na terenie Kamienica Morska Gdynia.<\/p><p>3. Regulamin jest dost\u0119pny do wgl\u0105du w recepcji oraz w ka\u017cdym pokoju hotelowym.<\/p><p>4. Pokoje w Kamienica Morska Gdynia wynajmowane s\u0105 na doby.<\/p><p>5. Je\u015bli Go\u015b\u0107 nie okre\u015bli\u0142 czasu pobytu najmuj\u0105c pok\u00f3j, przyjmuje si\u0119, \u017ce pok\u00f3j zosta\u0142 wynaj\u0119ty na jedn\u0105 dob\u0119 hotelow\u0105.<\/p><p>6. Doba hotelowa rozpoczyna si\u0119 o godz. 15:00 i ko\u0144czy o godz. 11:00 dnia nast\u0119pnego.<\/p><p align=\"center\">\u00a72<\/p><p>1. Zamiar przed\u0142u\u017cenia pobytu wykraczaj\u0105cy poza okres wskazany w dniu przybycia, Go\u015b\u0107 powinien zg\u0142osi\u0107 w recepcji do godz. 10.00 w dniu, w kt\u00f3rym up\u0142ywa termin najmu pokoju.<\/p><p>2. Przed\u0142u\u017cenie pobytu uzale\u017cnione jest od aktualnej dost\u0119pno\u015bci Kamienica Morska Gdynia i wymaga dodatkowej op\u0142aty.<\/p><p align=\"center\">\u00a73<\/p><p>1. Go\u015b\u0107 nie mo\u017ce udost\u0119pnia\u0107 w \u017caden spos\u00f3b pokoju osobom trzecim, nawet je\u015bli nie up\u0142yn\u0105\u0142 okres, za kt\u00f3ry ui\u015bci\u0142 nale\u017cn\u0105 op\u0142at\u0119.<\/p><p>2. Osoby, kt\u00f3re nie zosta\u0142y zg\u0142oszone w Karcie Rejestracyjnej Go\u015bcia mog\u0105 przebywa\u0107 w pokoju od godz. 8.00 do godz. 22.00, po tej godzinie pobierana jest op\u0142ata w wysoko\u015bci 100 PLN.<\/p><p>3. Eureka mo\u017ce odm\u00f3wi\u0107 przyj\u0119cia Go\u015bcia, kt\u00f3ry podczas poprzedniego pobytu ra\u017c\u0105co naruszy\u0142 regulamin, w szczeg\u00f3lno\u015bci wyrz\u0105dzaj\u0105c szkod\u0119 na mieniu Kamienicy Morska Gdynia, b\u0105d\u017a jego Go\u015bci, szkod\u0119 na osobie Go\u015bcia, pracownika lub innych os\u00f3b przebywaj\u0105cych w Eurece, albo te\u017c w inny spos\u00f3b zak\u0142\u00f3ci\u0142 spokojny pobyt Go\u015bci lub funkcjonowanie Kamienicy Morska Gdynia.<\/p><p align=\"center\">\u00a74<\/p><p>1. Kamienica Morska Gdynia \u015bwiadczy us\u0142ugi zgodnie ze swoim standardem. W przypadku zastrze\u017ce\u0144 dotycz\u0105cych jako\u015bci us\u0142ug, Go\u015b\u0107 jest proszony o jak najszybsze zg\u0142aszanie ich w recepcji, co umo\u017cliwi obs\u0142udze niezw\u0142oczn\u0105 reakcj\u0119.<\/p><p>2. Obiekt ma obowi\u0105zek zapewni\u0107:<\/p><p>\u25e6 warunki pe\u0142nego i nieskr\u0119powanego wypoczynku Go\u015bcia,<\/p><p>\u25e6 bezpiecze\u0144stwo pobytu, w tym bezpiecze\u0144stwo zachowania tajemnicy informacji o Go\u015bciu,<\/p><p>\u25e6 profesjonaln\u0105 i uprzejm\u0105 obs\u0142ug\u0119 w zakresie wszystkich us\u0142ug \u015bwiadczonych w Kamienicy Morska Gdynia,<\/p><p>\u25e6 sprz\u0105tanie pokoju i wykonywanie niezb\u0119dnej naprawy urz\u0105dze\u0144 podczas nieobecno\u015bci Go\u015bcia, a w jego obecno\u015bci tylko w\u00f3wczas, gdy wyrazi takie \u017cyczenie,<\/p><p>\u25e6 sprawn\u0105 pod wzgl\u0119dem technicznym us\u0142ug\u0119 hotelow\u0105; w przypadku wyst\u0105pienia usterek, kt\u00f3re nie b\u0119d\u0105 mog\u0142y by\u0107 usuni\u0119te, do\u0142o\u017cy\u0107 stara\u0144, aby \u2013 w miar\u0119 posiadanych mo\u017cliwo\u015bci \u2013 zamieni\u0107 pok\u00f3j lub w inny spos\u00f3b za\u0142agodzi\u0107 niedogodno\u015bci.<\/p><p align=\"center\"><br \/>\u00a75<\/p><p>Na \u017cyczenie Go\u015bcia \u015bwiadczymy nieodp\u0142atnie nast\u0119puj\u0105ce us\u0142ugi:<\/p><p>1. udzielanie informacji zwi\u0105zanych z pobytem i z podr\u00f3\u017c\u0105,<\/p><p>2. budzenie o wyznaczonej godzinie,<\/p><p>3. przechowywanie baga\u017cu w dniu przyjazdu i wyjazdu, przy czym Kamienica Morska Gdynia mo\u017ce odm\u00f3wi\u0107 przyj\u0119cia na przechowanie baga\u017cu w terminach innych, ni\u017c daty pobytu Go\u015bcia oraz rzeczy nie maj\u0105cych cech baga\u017cu osobistego.<\/p><p align=\"center\"><br \/>\u00a76<\/p><p>1. Kamienica Morska Gdynia ponosi odpowiedzialno\u015b\u0107 za utrat\u0119 lub uszkodzenie rzeczy wniesionych przez osoby korzystaj\u0105ce z jego us\u0142ug w zakresie okre\u015blonym przepisami art. 846-852 Kodeksu Cywilnego, o ile strony nie postanowi\u0142y inaczej.<\/p><p>2. Odpowiedzialno\u015b\u0107 z tytu\u0142u utraty lub uszkodzenia pieni\u0119dzy, papier\u00f3w warto\u015bciowych, kosztowno\u015bci albo przedmiot\u00f3w maj\u0105cych warto\u015b\u0107 naukow\u0105 lub artystyczn\u0105 jest ograniczona zgodnie z art. 849 \u00a71 Kodeksu Cywilnego,o ile strony nie postanowi\u0142y inaczej.<\/p><p>3. Go\u015b\u0107 powinien zawiadomi\u0107 recepcj\u0119 o wyst\u0105pieniu szkody niezw\u0142ocznie po jej stwierdzeniu.<\/p><p align=\"center\"><br \/>\u00a77<\/p><p>Kamienica Morska Gdynia nie ponosi odpowiedzialno\u015bci za uszkodzenie lub utrat\u0119 samochodu lub innego pojazdu nale\u017c\u0105cego do Go\u015bcia zaparkowanego na parkingu przed obiektem hotelowym.<\/p><p align=\"center\"><br \/>\u00a78<\/p><p>1. W Kamienica Morska Gdynia obowi\u0105zuje zachowanie ciszy nocnej od godz. 22.00 do godz. 7.00 dnia nast\u0119pnego.<\/p><p>2. Zachowanie Go\u015bci i os\u00f3b korzystaj\u0105cych z us\u0142ug nie powinno zak\u0142\u00f3ca\u0107 spokojnego pobytu innych Go\u015bci. Niezastosowanie si\u0119 do tej zasady skutkuje na\u0142o\u017ceniem kary pieni\u0119\u017cnej w wysoko\u015bci 500 PLN.<\/p><p>3. Kamienica Morska Gdynia mo\u017ce odm\u00f3wi\u0107 dalszego \u015bwiadczenia us\u0142ug osobie, kt\u00f3ra naruszy cisz\u0119 nocn\u0105.<\/p><p align=\"center\"><br \/><br \/>\u00a79<\/p><p>W Kamienica Morska Gdynia obowi\u0105zuje bezwzgl\u0119dny zakaz palenia wyrob\u00f3w tytoniowych oraz papieros\u00f3w elektronicznych. Niezastosowanie si\u0119 do tego zakazu skutkuje na\u0142o\u017ceniem kary pieni\u0119\u017cnej w wysoko\u015bci 400 PLN.<\/p><p align=\"center\">\u00a710<\/p><p>1. Ka\u017cdorazowo opuszczaj\u0105c pok\u00f3j, Go\u015b\u0107 winien sprawdzi\u0107 zamkni\u0119cie drzwi. Ka\u017cdorazowo Go\u015b\u0107 opuszczaj\u0105cy pok\u00f3j, ze wzgl\u0119d\u00f3w bezpiecze\u0144stwa powinien wy\u0142\u0105czy\u0107 telewizor, zgasi\u0107 \u015bwiat\u0142o, zakr\u0119ci\u0107 krany oraz sprawdzi\u0107 czy drzwi s\u0105 zamkni\u0119te.<\/p><p>2. Dzieci poni\u017cej 16 roku \u017cycia powinny znajdowa\u0107 si\u0119 na terenie pod sta\u0142ym nadzorem opiekun\u00f3w prawnych. Opiekunowie prawni ponosz\u0105 odpowiedzialno\u015b\u0107 materialn\u0105 za wszelkie szkody wyrz\u0105dzone przez dzieci.<\/p><p>3. Go\u015b\u0107 ponosi odpowiedzialno\u015b\u0107 materialn\u0105 za wszelkiego rodzaju uszkodzenia lub zniszczenia przedmiot\u00f3w, wyposa\u017cenia i urz\u0105dze\u0144 technicznych powsta\u0142e z jego winy lub z winy odwiedzaj\u0105cych go os\u00f3b.<\/p><p>4. Ze wzgl\u0119du na bezpiecze\u0144stwo przeciwpo\u017carowe zabronione jest u\u017cywanie w pokojach grza\u0142ek i innych podobnych urz\u0105dze\u0144 nie stanowi\u0105cych wyposa\u017cenia pokoju. Go\u015b\u0107 jest zobowi\u0105zany do zachowania szczeg\u00f3lnej uwagi przy korzystaniu z udost\u0119pnionego \u017celazka elektrycznego i spoczywa na nim odpowiedzialno\u015b\u0107 za wy\u0142\u0105czenie urz\u0105dzenia po zako\u0144czeniu prasowania i nie pozostawiania go bez nadzoru po jego w\u0142\u0105czeniu.<\/p><p align=\"center\">\u00a711<\/p><p>Przedmioty osobistego u\u017cytku pozostawione przez wyje\u017cd\u017caj\u0105cego Go\u015bcia w pokoju mog\u0105 zosta\u0107 na \u017cyczenie i koszt Go\u015bcia odes\u0142ane na adres przez niego wskazany. W przypadku nie otrzymania takiej dyspozycji Kamienica Morska Gdynia przechowa te przedmioty przez 3 miesi\u0105ce po czym dokona ich likwidacji.<\/p><p>B\u0119dziemy wysoko ceni\u0107 Pa\u0144stwa wsp\u00f3\u0142prac\u0119 w przestrzeganiu tego regulaminu, kt\u00f3ry ma s\u0142u\u017cy\u0107 zapewnieniu spokojnego i bezpiecznego pobytu naszych Go\u015bci.<\/p><p align=\"center\">\u00a76<\/p><p align=\"center\">Kamienica Morska Gdynia ponosi odpowiedzialno\u015b\u0107 za utrat\u0119 lub uszkodzenie rzeczy wniesionych przez osoby korzystaj\u0105ce z jego us\u0142ug w zakresie okre\u015blonym przepisami art. 846-852 Kodeksu Cywilnego, o ile strony nie postanowi\u0142y inaczej.<\/p><p align=\"center\">Odpowiedzialno\u015b\u0107 z tytu\u0142u utraty lub uszkodzenia pieni\u0119dzy, papier\u00f3w warto\u015bciowych, kosztowno\u015bci albo przedmiot\u00f3w maj\u0105cych warto\u015b\u0107 naukow\u0105 lub artystyczn\u0105 jest ograniczona zgodnie z art. 849 \u00a71 Kodeksu Cywilnego,o ile strony nie postanowi\u0142y inaczej.<\/p><p align=\"center\">Go\u015b\u0107 powinien zawiadomi\u0107 recepcj\u0119 o wyst\u0105pieniu szkody niezw\u0142ocznie po jej stwierdzeniu.<\/p><p align=\"center\"><br \/>\u00a77<\/p><p align=\"center\">Kamienica Morska Gdynia nie ponosi odpowiedzialno\u015bci za uszkodzenie lub utrat\u0119 samochodu lub innego pojazdu nale\u017c\u0105cego do Go\u015bcia zaparkowanego na parkingu przed obiektem.<\/p><p align=\"center\"><br \/>\u00a78<\/p><p align=\"center\">W Kamienica Morska Gdynia obowi\u0105zuje zachowanie ciszy nocnej od godz. 22.00 do godz. 7.00 dnia nast\u0119pnego.<\/p><p align=\"center\">Zachowanie Go\u015bci i os\u00f3b korzystaj\u0105cych z us\u0142ug nie powinno zak\u0142\u00f3ca\u0107 spokojnego pobytu innych Go\u015bci. Niezastosowanie si\u0119 do tej zasady skutkuje na\u0142o\u017ceniem kary pieni\u0119\u017cnej w wysoko\u015bci 500 PLN.<\/p><p align=\"center\">Kamienica Morska Gdynia mo\u017ce odm\u00f3wi\u0107 dalszego \u015bwiadczenia us\u0142ug osobie, kt\u00f3ra naruszy cisz\u0119 nocn\u0105.<\/p><p align=\"center\"><br \/><br \/>\u00a79<\/p><p align=\"center\">W Kamienica Morska Gdynia obowi\u0105zuje bezwzgl\u0119dny zakaz palenia wyrob\u00f3w tytoniowych oraz papieros\u00f3w elektronicznych. Niezastosowanie si\u0119 do tego zakazu skutkuje na\u0142o\u017ceniem kary pieni\u0119\u017cnej w wysoko\u015bci 400 PLN.<\/p><p align=\"center\">\u00a710<\/p><p align=\"center\">Ka\u017cdorazowo opuszczaj\u0105c pok\u00f3j, Go\u015b\u0107 winien sprawdzi\u0107 zamkni\u0119cie drzwi. Ka\u017cdorazowo Go\u015b\u0107 opuszczaj\u0105cy pok\u00f3j, ze wzgl\u0119d\u00f3w bezpiecze\u0144stwa powinien wy\u0142\u0105czy\u0107 telewizor, zgasi\u0107 \u015bwiat\u0142o, zakr\u0119ci\u0107 krany oraz sprawdzi\u0107 czy drzwi s\u0105 zamkni\u0119te.<\/p><p align=\"center\">Dzieci poni\u017cej 16 roku \u017cycia powinny znajdowa\u0107 si\u0119 na terenie pod sta\u0142ym nadzorem opiekun\u00f3w prawnych. Opiekunowie prawni ponosz\u0105 odpowiedzialno\u015b\u0107 materialn\u0105 za wszelkie szkody wyrz\u0105dzone przez dzieci.<\/p><p align=\"center\">Go\u015b\u0107 ponosi odpowiedzialno\u015b\u0107 materialn\u0105 za wszelkiego rodzaju uszkodzenia lub zniszczenia przedmiot\u00f3w, wyposa\u017cenia i urz\u0105dze\u0144 technicznych powsta\u0142e z jego winy lub z winy odwiedzaj\u0105cych go os\u00f3b.<\/p><p align=\"center\">Ze wzgl\u0119du na bezpiecze\u0144stwo przeciwpo\u017carowe zabronione jest u\u017cywanie w pokojach grza\u0142ek i innych podobnych urz\u0105dze\u0144 nie stanowi\u0105cych wyposa\u017cenia pokoju. Go\u015b\u0107 jest zobowi\u0105zany do zachowania szczeg\u00f3lnej uwagi przy korzystaniu z udost\u0119pnionego \u017celazka elektrycznego i spoczywa na nim odpowiedzialno\u015b\u0107 za wy\u0142\u0105czenie urz\u0105dzenia po zako\u0144czeniu prasowania i nie pozostawiania go bez nadzoru po jego w\u0142\u0105czeniu.<\/p><p align=\"center\">\u00a711<\/p><p align=\"center\">Przedmioty osobistego u\u017cytku pozostawione przez wyje\u017cd\u017caj\u0105cego Go\u015bcia w pokoju mog\u0105 zosta\u0107 na \u017cyczenie i koszt Go\u015bcia odes\u0142ane na adres przez niego wskazany. W przypadku nie otrzymania takiej dyspozycji Kamienica Morska Gdynia przechowa te przedmioty przez 3 miesi\u0105ce.<\/p><p>\u00a0<\/p>\t\t\t\t\t\t\t\t<\/div>\n\t\t\t\t<\/div>\n\t\t\t\t\t<\/div>\n\t\t<\/div>\n\t\t\t\t\t<\/div>\n\t\t<\/section>\n\t\t\t\t<\/div>\n\t\t","protected":false},"excerpt":{"rendered":"<p>Obs\u0142uga Kamienica Morska Gdynia wysoko ceni\u0107 b\u0119dzie Pa\u0144stwa wsp\u00f3\u0142prac\u0119 w przestrzeganiu tego regulaminu, kt\u00f3ry ma s\u0142u\u017cy\u0107 zapewnieniu spokojnego i bezpiecznego pobytu naszych Go\u015bci. \u00a71 1. Regulamin okre\u015bla zasady \u015bwiadczenia us\u0142ug, odpowiedzialno\u015bci oraz przebywania na terenie Kosayar Sp. z o.o. i jest integraln\u0105 cz\u0119\u015bci\u0105 umowy, do kt\u00f3rej zawarcia dochodzi poprzez okazanie pracownikowi recepcji dokumentu to\u017csamo\u015bci ze [&hellip;]<\/p>\n","protected":false},"author":2,"featured_media":0,"parent":0,"menu_order":0,"comment_status":"closed","ping_status":"closed","template":"","meta":{"footnotes":""},"class_list":["post-1088","page","type-page","status-publish","hentry"],"_links":{"self":[{"href":"https:\/\/www.pokojewgdyni.pl\/ru\/wp-json\/wp\/v2\/pages\/1088","targetHints":{"allow":["GET"]}}],"collection":[{"href":"https:\/\/www.pokojewgdyni.pl\/ru\/wp-json\/wp\/v2\/pages"}],"about":[{"href":"https:\/\/www.pokojewgdyni.pl\/ru\/wp-json\/wp\/v2\/types\/page"}],"author":[{"embeddable":true,"href":"https:\/\/www.pokojewgdyni.pl\/ru\/wp-json\/wp\/v2\/users\/2"}],"replies":[{"embeddable":true,"href":"https:\/\/www.pokojewgdyni.pl\/ru\/wp-json\/wp\/v2\/comments?post=1088"}],"version-history":[{"count":4,"href":"https:\/\/www.pokojewgdyni.pl\/ru\/wp-json\/wp\/v2\/pages\/1088\/revisions"}],"predecessor-version":[{"id":1093,"href":"https:\/\/www.pokojewgdyni.pl\/ru\/wp-json\/wp\/v2\/pages\/1088\/revisions\/1093"}],"wp:attachment":[{"href":"https:\/\/www.pokojewgdyni.pl\/ru\/wp-json\/wp\/v2\/media?parent=1088"}],"curies":[{"name":"wp","href":"https:\/\/api.w.org\/{rel}","templated":true}]}}