{"id":1134,"date":"2024-11-29T14:06:23","date_gmt":"2024-11-29T13:06:23","guid":{"rendered":"https:\/\/www.pokojewgdyni.pl\/?page_id=1134"},"modified":"2024-11-29T14:19:59","modified_gmt":"2024-11-29T13:19:59","slug":"bilard","status":"publish","type":"page","link":"https:\/\/www.pokojewgdyni.pl\/ru\/bilard\/","title":{"rendered":"Bilard"},"content":{"rendered":"\t\t<div data-elementor-type=\"wp-page\" data-elementor-id=\"1134\" class=\"elementor elementor-1134\" data-elementor-post-type=\"page\">\n\t\t\t\t\t\t<section class=\"elementor-section elementor-top-section elementor-element elementor-element-1adb0c8 elementor-section-height-min-height elementor-section-boxed elementor-section-height-default elementor-section-items-middle\" data-id=\"1adb0c8\" data-element_type=\"section\" data-e-type=\"section\" data-settings=\"{&quot;background_background&quot;:&quot;classic&quot;,&quot;background_motion_fx_motion_fx_scrolling&quot;:&quot;yes&quot;,&quot;background_motion_fx_scale_effect&quot;:&quot;yes&quot;,&quot;background_motion_fx_scale_speed&quot;:{&quot;unit&quot;:&quot;px&quot;,&quot;size&quot;:6,&quot;sizes&quot;:[]},&quot;background_motion_fx_scale_range&quot;:{&quot;unit&quot;:&quot;%&quot;,&quot;size&quot;:&quot;&quot;,&quot;sizes&quot;:{&quot;start&quot;:47,&quot;end&quot;:85}},&quot;background_motion_fx_devices&quot;:[&quot;desktop&quot;,&quot;tablet&quot;],&quot;background_motion_fx_scale_direction&quot;:&quot;out-in&quot;}\">\n\t\t\t\t\t\t\t<div class=\"elementor-background-overlay\"><\/div>\n\t\t\t\t\t\t\t<div class=\"elementor-container elementor-column-gap-default\">\n\t\t\t\t\t<div class=\"elementor-column elementor-col-100 elementor-top-column elementor-element elementor-element-dd04055\" data-id=\"dd04055\" data-element_type=\"column\" data-e-type=\"column\">\n\t\t\t<div class=\"elementor-widget-wrap elementor-element-populated\">\n\t\t\t\t\t\t<div class=\"elementor-element elementor-element-0364878 elementor-invisible elementor-widget elementor-widget-heading\" data-id=\"0364878\" data-element_type=\"widget\" data-e-type=\"widget\" data-settings=\"{&quot;_animation&quot;:&quot;fadeInDown&quot;,&quot;_animation_delay&quot;:500}\" data-widget_type=\"heading.default\">\n\t\t\t\t<div class=\"elementor-widget-container\">\n\t\t\t\t\t<h1 class=\"elementor-heading-title elementor-size-default\">Bilard<\/h1>\t\t\t\t<\/div>\n\t\t\t\t<\/div>\n\t\t\t\t<div class=\"elementor-element elementor-element-0ec37ba elementor-invisible elementor-widget elementor-widget-image\" data-id=\"0ec37ba\" data-element_type=\"widget\" data-e-type=\"widget\" data-settings=\"{&quot;_animation&quot;:&quot;fadeInDown&quot;}\" data-widget_type=\"image.default\">\n\t\t\t\t<div class=\"elementor-widget-container\">\n\t\t\t\t\t\t\t\t\t\t\t\t\t\t\t<img decoding=\"async\" width=\"200\" height=\"15\" src=\"https:\/\/www.pokojewgdyni.pl\/wp-content\/uploads\/2019\/11\/divider.png\" class=\"attachment-full size-full wp-image-89\" alt=\"\" \/>\t\t\t\t\t\t\t\t\t\t\t\t\t\t\t<\/div>\n\t\t\t\t<\/div>\n\t\t\t\t\t<\/div>\n\t\t<\/div>\n\t\t\t\t\t<\/div>\n\t\t<\/section>\n\t\t\t\t<section class=\"elementor-section elementor-top-section elementor-element elementor-element-5c0ae04 elementor-section-boxed elementor-section-height-default elementor-section-height-default\" data-id=\"5c0ae04\" data-element_type=\"section\" data-e-type=\"section\" data-settings=\"{&quot;background_background&quot;:&quot;classic&quot;}\">\n\t\t\t\t\t\t<div class=\"elementor-container elementor-column-gap-default\">\n\t\t\t\t\t<div class=\"elementor-column elementor-col-50 elementor-top-column elementor-element elementor-element-cc4881c\" data-id=\"cc4881c\" data-element_type=\"column\" data-e-type=\"column\">\n\t\t\t<div class=\"elementor-widget-wrap elementor-element-populated\">\n\t\t\t\t\t\t<div class=\"elementor-element elementor-element-ea2564f elementor-widget elementor-widget-image\" data-id=\"ea2564f\" data-element_type=\"widget\" data-e-type=\"widget\" data-widget_type=\"image.default\">\n\t\t\t\t<div class=\"elementor-widget-container\">\n\t\t\t\t\t\t\t\t\t\t\t\t\t\t\t<img fetchpriority=\"high\" decoding=\"async\" width=\"800\" height=\"1006\" src=\"https:\/\/www.pokojewgdyni.pl\/wp-content\/uploads\/2024\/11\/bilard-814x1024.jpg\" class=\"attachment-large size-large wp-image-1140\" alt=\"\" srcset=\"https:\/\/www.pokojewgdyni.pl\/wp-content\/uploads\/2024\/11\/bilard-814x1024.jpg 814w, https:\/\/www.pokojewgdyni.pl\/wp-content\/uploads\/2024\/11\/bilard-239x300.jpg 239w, https:\/\/www.pokojewgdyni.pl\/wp-content\/uploads\/2024\/11\/bilard-768x966.jpg 768w, https:\/\/www.pokojewgdyni.pl\/wp-content\/uploads\/2024\/11\/bilard-10x12.jpg 10w, https:\/\/www.pokojewgdyni.pl\/wp-content\/uploads\/2024\/11\/bilard.jpg 900w\" sizes=\"(max-width: 800px) 100vw, 800px\" \/>\t\t\t\t\t\t\t\t\t\t\t\t\t\t\t<\/div>\n\t\t\t\t<\/div>\n\t\t\t\t\t<\/div>\n\t\t<\/div>\n\t\t\t\t<div class=\"elementor-column elementor-col-100 elementor-top-column elementor-element elementor-element-e152e18\" data-id=\"e152e18\" data-element_type=\"column\" data-e-type=\"column\">\n\t\t\t<div class=\"elementor-widget-wrap elementor-element-populated\">\n\t\t\t\t\t\t<div class=\"elementor-element elementor-element-22deb85 elementor-widget elementor-widget-heading\" data-id=\"22deb85\" data-element_type=\"widget\" data-e-type=\"widget\" data-widget_type=\"heading.default\">\n\t\t\t\t<div class=\"elementor-widget-container\">\n\t\t\t\t\t<h2 class=\"elementor-heading-title elementor-size-default\">  BILARD I DARTS W KAMIENICY: SP\u0118D\u0179 CZAS ZE ZNAJOMYMI, ODPR\u0118\u017b SI\u0118 PO CI\u0118\u017bKIM DNIU<\/h2>\t\t\t\t<\/div>\n\t\t\t\t<\/div>\n\t\t\t\t<div class=\"elementor-element elementor-element-b64044e elementor-widget-divider--view-line elementor-widget elementor-widget-divider\" data-id=\"b64044e\" data-element_type=\"widget\" data-e-type=\"widget\" data-widget_type=\"divider.default\">\n\t\t\t\t<div class=\"elementor-widget-container\">\n\t\t\t\t\t\t\t<div class=\"elementor-divider\">\n\t\t\t<span class=\"elementor-divider-separator\">\n\t\t\t\t\t\t<\/span>\n\t\t<\/div>\n\t\t\t\t\t\t<\/div>\n\t\t\t\t<\/div>\n\t\t\t\t<div class=\"elementor-element elementor-element-98c225b elementor-widget elementor-widget-text-editor\" data-id=\"98c225b\" data-element_type=\"widget\" data-e-type=\"widget\" data-widget_type=\"text-editor.default\">\n\t\t\t\t<div class=\"elementor-widget-container\">\n\t\t\t\t\t\t\t\t\t<div>Nat\u0142ok obowi\u0105zk\u00f3w sprawia, \u017ce na co dzie\u0144 mamy ma\u0142o czasu by sp\u0119dzi\u0107 czas tak, jak lubimy najbardziej. Dlatego warto czasem wyjecha\u0107 na weekend, by odda\u0107 si\u0119 ulubionej rozrywce. W naszej Kamienicy znajdziesz pe\u0142nowymiarowy st\u00f3\u0142 do gry w bilarda. Rozgrywaj\u0105c kilka partii b\u0119dziesz m\u00f3g\u0142 si\u0119 zrelaksowa\u0107 i zapomnie\u0107 o codziennych problemach.\u00a0Bilard\u00a0kt\u00f3ry znajduje si\u0119 w piwnicy kamienicy, to doskona\u0142e miejsce dla towarzyskich spotka\u0144. Pe\u0142nowymiarowy st\u00f3\u0142 do gry w bilard czy darts stanowi fajn\u0105 form\u0119 rozrywki. Mo\u017cecie rozegra\u0107 kilka emocjonuj\u0105cych partii bilarda czy zagra\u0107 w rzutki. To \u015bwietna okazja by odnowi\u0107 znajomo\u015bci lub nawi\u0105za\u0107 nowe.<\/div><div>Czekamy na Ciebie!<\/div>\t\t\t\t\t\t\t\t<\/div>\n\t\t\t\t<\/div>\n\t\t\t\t\t<\/div>\n\t\t<\/div>\n\t\t\t\t\t<\/div>\n\t\t<\/section>\n\t\t\t\t<\/div>\n\t\t","protected":false},"excerpt":{"rendered":"<p>BILARD I DARTS W KAMIENICY: SP\u0118D\u0179 CZAS ZE ZNAJOMYMI, ODPR\u0118\u017b SI\u0118 PO CI\u0118\u017bKIM DNIU Nat\u0142ok obowi\u0105zk\u00f3w sprawia, \u017ce na co dzie\u0144 mamy ma\u0142o czasu by sp\u0119dzi\u0107 czas tak, jak lubimy najbardziej. Dlatego warto czasem wyjecha\u0107 na weekend, by odda\u0107 si\u0119 ulubionej rozrywce. W naszej Kamienicy znajdziesz pe\u0142nowymiarowy st\u00f3\u0142 do gry w bilarda. Rozgrywaj\u0105c kilka partii [&hellip;]<\/p>\n","protected":false},"author":2,"featured_media":0,"parent":0,"menu_order":0,"comment_status":"closed","ping_status":"closed","template":"elementor_header_footer","meta":{"footnotes":""},"class_list":["post-1134","page","type-page","status-publish","hentry"],"_links":{"self":[{"href":"https:\/\/www.pokojewgdyni.pl\/ru\/wp-json\/wp\/v2\/pages\/1134","targetHints":{"allow":["GET"]}}],"collection":[{"href":"https:\/\/www.pokojewgdyni.pl\/ru\/wp-json\/wp\/v2\/pages"}],"about":[{"href":"https:\/\/www.pokojewgdyni.pl\/ru\/wp-json\/wp\/v2\/types\/page"}],"author":[{"embeddable":true,"href":"https:\/\/www.pokojewgdyni.pl\/ru\/wp-json\/wp\/v2\/users\/2"}],"replies":[{"embeddable":true,"href":"https:\/\/www.pokojewgdyni.pl\/ru\/wp-json\/wp\/v2\/comments?post=1134"}],"version-history":[{"count":10,"href":"https:\/\/www.pokojewgdyni.pl\/ru\/wp-json\/wp\/v2\/pages\/1134\/revisions"}],"predecessor-version":[{"id":1151,"href":"https:\/\/www.pokojewgdyni.pl\/ru\/wp-json\/wp\/v2\/pages\/1134\/revisions\/1151"}],"wp:attachment":[{"href":"https:\/\/www.pokojewgdyni.pl\/ru\/wp-json\/wp\/v2\/media?parent=1134"}],"curies":[{"name":"wp","href":"https:\/\/api.w.org\/{rel}","templated":true}]}}