{"id":1136,"date":"2024-11-29T14:06:35","date_gmt":"2024-11-29T13:06:35","guid":{"rendered":"https:\/\/www.pokojewgdyni.pl\/?page_id=1136"},"modified":"2025-12-19T12:02:04","modified_gmt":"2025-12-19T11:02:04","slug":"plac-zabaw","status":"publish","type":"page","link":"https:\/\/www.pokojewgdyni.pl\/ru\/plac-zabaw\/","title":{"rendered":"Plac zabaw"},"content":{"rendered":"\t\t<div data-elementor-type=\"wp-page\" data-elementor-id=\"1136\" class=\"elementor elementor-1136\" data-elementor-post-type=\"page\">\n\t\t\t\t\t\t<section class=\"elementor-section elementor-top-section elementor-element elementor-element-369c86f elementor-section-height-min-height elementor-section-boxed elementor-section-height-default elementor-section-items-middle\" data-id=\"369c86f\" data-element_type=\"section\" data-e-type=\"section\" data-settings=\"{&quot;background_background&quot;:&quot;classic&quot;,&quot;background_motion_fx_motion_fx_scrolling&quot;:&quot;yes&quot;,&quot;background_motion_fx_scale_effect&quot;:&quot;yes&quot;,&quot;background_motion_fx_scale_speed&quot;:{&quot;unit&quot;:&quot;px&quot;,&quot;size&quot;:6,&quot;sizes&quot;:[]},&quot;background_motion_fx_scale_range&quot;:{&quot;unit&quot;:&quot;%&quot;,&quot;size&quot;:&quot;&quot;,&quot;sizes&quot;:{&quot;start&quot;:47,&quot;end&quot;:85}},&quot;background_motion_fx_devices&quot;:[&quot;desktop&quot;,&quot;tablet&quot;],&quot;background_motion_fx_scale_direction&quot;:&quot;out-in&quot;}\">\n\t\t\t\t\t\t\t<div class=\"elementor-background-overlay\"><\/div>\n\t\t\t\t\t\t\t<div class=\"elementor-container elementor-column-gap-default\">\n\t\t\t\t\t<div class=\"elementor-column elementor-col-100 elementor-top-column elementor-element elementor-element-a75167c\" data-id=\"a75167c\" data-element_type=\"column\" data-e-type=\"column\">\n\t\t\t<div class=\"elementor-widget-wrap elementor-element-populated\">\n\t\t\t\t\t\t<div class=\"elementor-element elementor-element-dcf5909 elementor-invisible elementor-widget elementor-widget-heading\" data-id=\"dcf5909\" data-element_type=\"widget\" data-e-type=\"widget\" data-settings=\"{&quot;_animation&quot;:&quot;fadeInDown&quot;,&quot;_animation_delay&quot;:500}\" data-widget_type=\"heading.default\">\n\t\t\t\t<div class=\"elementor-widget-container\">\n\t\t\t\t\t<h1 class=\"elementor-heading-title elementor-size-default\">Plac zabaw<\/h1>\t\t\t\t<\/div>\n\t\t\t\t<\/div>\n\t\t\t\t<div class=\"elementor-element elementor-element-635c463 elementor-invisible elementor-widget elementor-widget-image\" data-id=\"635c463\" data-element_type=\"widget\" data-e-type=\"widget\" data-settings=\"{&quot;_animation&quot;:&quot;fadeInDown&quot;}\" data-widget_type=\"image.default\">\n\t\t\t\t<div class=\"elementor-widget-container\">\n\t\t\t\t\t\t\t\t\t\t\t\t\t\t\t<img decoding=\"async\" width=\"200\" height=\"15\" src=\"https:\/\/www.pokojewgdyni.pl\/wp-content\/uploads\/2019\/11\/divider.png\" class=\"attachment-full size-full wp-image-89\" alt=\"\" \/>\t\t\t\t\t\t\t\t\t\t\t\t\t\t\t<\/div>\n\t\t\t\t<\/div>\n\t\t\t\t\t<\/div>\n\t\t<\/div>\n\t\t\t\t\t<\/div>\n\t\t<\/section>\n\t\t\t\t<section class=\"elementor-section elementor-top-section elementor-element elementor-element-10f8064 elementor-section-boxed elementor-section-height-default elementor-section-height-default\" data-id=\"10f8064\" data-element_type=\"section\" data-e-type=\"section\" data-settings=\"{&quot;background_background&quot;:&quot;classic&quot;}\">\n\t\t\t\t\t\t<div class=\"elementor-container elementor-column-gap-default\">\n\t\t\t\t\t<div class=\"elementor-column elementor-col-50 elementor-top-column elementor-element elementor-element-e135291\" data-id=\"e135291\" data-element_type=\"column\" data-e-type=\"column\">\n\t\t\t<div class=\"elementor-widget-wrap elementor-element-populated\">\n\t\t\t\t\t\t<div class=\"elementor-element elementor-element-8764f8e elementor-widget elementor-widget-image\" data-id=\"8764f8e\" data-element_type=\"widget\" data-e-type=\"widget\" data-widget_type=\"image.default\">\n\t\t\t\t<div class=\"elementor-widget-container\">\n\t\t\t\t\t\t\t\t\t\t\t\t\t\t\t<img fetchpriority=\"high\" decoding=\"async\" width=\"683\" height=\"1024\" src=\"https:\/\/www.pokojewgdyni.pl\/wp-content\/uploads\/2024\/11\/plac-zabaw-4-683x1024.jpg\" class=\"attachment-large size-large wp-image-1153\" alt=\"\" srcset=\"https:\/\/www.pokojewgdyni.pl\/wp-content\/uploads\/2024\/11\/plac-zabaw-4-683x1024.jpg 683w, https:\/\/www.pokojewgdyni.pl\/wp-content\/uploads\/2024\/11\/plac-zabaw-4-200x300.jpg 200w, https:\/\/www.pokojewgdyni.pl\/wp-content\/uploads\/2024\/11\/plac-zabaw-4-768x1152.jpg 768w, https:\/\/www.pokojewgdyni.pl\/wp-content\/uploads\/2024\/11\/plac-zabaw-4-8x12.jpg 8w, https:\/\/www.pokojewgdyni.pl\/wp-content\/uploads\/2024\/11\/plac-zabaw-4.jpg 900w\" sizes=\"(max-width: 683px) 100vw, 683px\" \/>\t\t\t\t\t\t\t\t\t\t\t\t\t\t\t<\/div>\n\t\t\t\t<\/div>\n\t\t\t\t\t<\/div>\n\t\t<\/div>\n\t\t\t\t<div class=\"elementor-column elementor-col-100 elementor-top-column elementor-element elementor-element-041e9cc\" data-id=\"041e9cc\" data-element_type=\"column\" data-e-type=\"column\">\n\t\t\t<div class=\"elementor-widget-wrap elementor-element-populated\">\n\t\t\t\t\t\t<div class=\"elementor-element elementor-element-91a2422 elementor-widget elementor-widget-heading\" data-id=\"91a2422\" data-element_type=\"widget\" data-e-type=\"widget\" data-widget_type=\"heading.default\">\n\t\t\t\t<div class=\"elementor-widget-container\">\n\t\t\t\t\t<h2 class=\"elementor-heading-title elementor-size-default\"> PLAC ZABAW  W KAMIENICY\n<\/h2>\t\t\t\t<\/div>\n\t\t\t\t<\/div>\n\t\t\t\t<div class=\"elementor-element elementor-element-1e72431 elementor-widget-divider--view-line elementor-widget elementor-widget-divider\" data-id=\"1e72431\" data-element_type=\"widget\" data-e-type=\"widget\" data-widget_type=\"divider.default\">\n\t\t\t\t<div class=\"elementor-widget-container\">\n\t\t\t\t\t\t\t<div class=\"elementor-divider\">\n\t\t\t<span class=\"elementor-divider-separator\">\n\t\t\t\t\t\t<\/span>\n\t\t<\/div>\n\t\t\t\t\t\t<\/div>\n\t\t\t\t<\/div>\n\t\t\t\t<div class=\"elementor-element elementor-element-3c4f896 elementor-widget elementor-widget-text-editor\" data-id=\"3c4f896\" data-element_type=\"widget\" data-e-type=\"widget\" data-widget_type=\"text-editor.default\">\n\t\t\t\t<div class=\"elementor-widget-container\">\n\t\t\t\t\t\t\t\t\tWiemy, jak wa\u017cne s\u0105 nowe aktywno\u015bci dla naszych najm\u0142odszych Go\u015bci, aby ich Rodzice mogli chwilk\u0119 odpocz\u0105\u0107. Zapraszamy do pokoju zabaw \u2013 basenik z kuleczkami, tablica magnetyczna, kuchnia i biblioteczka umil\u0105 Wam wsp\u00f3lny czas. Do tego zewn\u0119trzny plac zabaw z trampolin\u0105, piaskownic\u0105 i domkiem z zje\u017cdzalni\u0105.\n\t\t\t\t\t\t\t\t<\/div>\n\t\t\t\t<\/div>\n\t\t\t\t\t<\/div>\n\t\t<\/div>\n\t\t\t\t\t<\/div>\n\t\t<\/section>\n\t\t\t\t<section class=\"elementor-section elementor-top-section elementor-element elementor-element-20dce46 elementor-section-full_width elementor-section-height-default elementor-section-height-default\" data-id=\"20dce46\" data-element_type=\"section\" data-e-type=\"section\" data-settings=\"{&quot;background_background&quot;:&quot;classic&quot;}\">\n\t\t\t\t\t\t<div class=\"elementor-container elementor-column-gap-default\">\n\t\t\t\t\t<div class=\"elementor-column elementor-col-100 elementor-top-column elementor-element elementor-element-0cc85c9\" data-id=\"0cc85c9\" data-element_type=\"column\" data-e-type=\"column\">\n\t\t\t<div class=\"elementor-widget-wrap elementor-element-populated\">\n\t\t\t\t\t\t<div class=\"elementor-element elementor-element-6befce8 elementor-widget elementor-widget-gallery\" data-id=\"6befce8\" data-element_type=\"widget\" data-e-type=\"widget\" data-settings=\"{&quot;gallery_layout&quot;:&quot;masonry&quot;,&quot;columns&quot;:3,&quot;overlay_title&quot;:&quot;caption&quot;,&quot;lazyload&quot;:&quot;yes&quot;,&quot;columns_tablet&quot;:2,&quot;columns_mobile&quot;:1,&quot;gap&quot;:{&quot;unit&quot;:&quot;px&quot;,&quot;size&quot;:10,&quot;sizes&quot;:[]},&quot;gap_tablet&quot;:{&quot;unit&quot;:&quot;px&quot;,&quot;size&quot;:10,&quot;sizes&quot;:[]},&quot;gap_mobile&quot;:{&quot;unit&quot;:&quot;px&quot;,&quot;size&quot;:10,&quot;sizes&quot;:[]},&quot;link_to&quot;:&quot;file&quot;,&quot;overlay_background&quot;:&quot;yes&quot;,&quot;content_hover_animation&quot;:&quot;fade-in&quot;}\" data-widget_type=\"gallery.default\">\n\t\t\t\t<div class=\"elementor-widget-container\">\n\t\t\t\t\t\t\t<div class=\"elementor-gallery__container\">\n\t\t\t\t\t\t\t<a class=\"e-gallery-item elementor-gallery-item elementor-animated-content\" href=\"https:\/\/www.pokojewgdyni.pl\/wp-content\/uploads\/2025\/12\/plac-zabaw-glowne-kolaz-2-scaled.jpg\" data-elementor-open-lightbox=\"yes\" data-elementor-lightbox-slideshow=\"6befce8\" data-elementor-lightbox-title=\"plac zabaw g\u0142o\u0301wne kolaz\u0307 2\" data-e-action-hash=\"#elementor-action%3Aaction%3Dlightbox%26settings%3DeyJpZCI6MTIwNSwidXJsIjoiaHR0cHM6XC9cL3d3dy5wb2tvamV3Z2R5bmkucGxcL3dwLWNvbnRlbnRcL3VwbG9hZHNcLzIwMjVcLzEyXC9wbGFjLXphYmF3LWdsb3duZS1rb2xhei0yLXNjYWxlZC5qcGciLCJzbGlkZXNob3ciOiI2YmVmY2U4In0%3D\">\n\t\t\t\t\t<div class=\"e-gallery-image elementor-gallery-item__image\" data-thumbnail=\"https:\/\/www.pokojewgdyni.pl\/wp-content\/uploads\/2025\/12\/plac-zabaw-glowne-kolaz-2-1024x683.jpg\" data-width=\"800\" data-height=\"534\" aria-label=\"\" role=\"img\" ><\/div>\n\t\t\t\t\t\t\t\t\t\t\t<div class=\"elementor-gallery-item__overlay\"><\/div>\n\t\t\t\t\t\t\t\t\t\t\t\t\t\t\t<div class=\"elementor-gallery-item__content\">\n\t\t\t\t\t\t\t\t\t\t\t<\/div>\n\t\t\t\t\t\t\t\t\t<\/a>\n\t\t\t\t\t\t\t<a class=\"e-gallery-item elementor-gallery-item elementor-animated-content\" href=\"https:\/\/www.pokojewgdyni.pl\/wp-content\/uploads\/2024\/11\/plac-zabaw-1.jpg\" data-elementor-open-lightbox=\"yes\" data-elementor-lightbox-slideshow=\"6befce8\" data-elementor-lightbox-title=\"plac-zabaw-1\" data-e-action-hash=\"#elementor-action%3Aaction%3Dlightbox%26settings%3DeyJpZCI6MTE1NiwidXJsIjoiaHR0cHM6XC9cL3d3dy5wb2tvamV3Z2R5bmkucGxcL3dwLWNvbnRlbnRcL3VwbG9hZHNcLzIwMjRcLzExXC9wbGFjLXphYmF3LTEuanBnIiwic2xpZGVzaG93IjoiNmJlZmNlOCJ9\">\n\t\t\t\t\t<div class=\"e-gallery-image elementor-gallery-item__image\" data-thumbnail=\"https:\/\/www.pokojewgdyni.pl\/wp-content\/uploads\/2024\/11\/plac-zabaw-1-1024x683.jpg\" data-width=\"800\" data-height=\"534\" aria-label=\"\" role=\"img\" ><\/div>\n\t\t\t\t\t\t\t\t\t\t\t<div class=\"elementor-gallery-item__overlay\"><\/div>\n\t\t\t\t\t\t\t\t\t\t\t\t\t\t\t<div class=\"elementor-gallery-item__content\">\n\t\t\t\t\t\t\t\t\t\t\t<\/div>\n\t\t\t\t\t\t\t\t\t<\/a>\n\t\t\t\t\t\t\t<a class=\"e-gallery-item elementor-gallery-item elementor-animated-content\" href=\"https:\/\/www.pokojewgdyni.pl\/wp-content\/uploads\/2024\/11\/plac-zabaw-3.jpg\" data-elementor-open-lightbox=\"yes\" data-elementor-lightbox-slideshow=\"6befce8\" data-elementor-lightbox-title=\"plac-zabaw-3\" data-e-action-hash=\"#elementor-action%3Aaction%3Dlightbox%26settings%3DeyJpZCI6MTE1NCwidXJsIjoiaHR0cHM6XC9cL3d3dy5wb2tvamV3Z2R5bmkucGxcL3dwLWNvbnRlbnRcL3VwbG9hZHNcLzIwMjRcLzExXC9wbGFjLXphYmF3LTMuanBnIiwic2xpZGVzaG93IjoiNmJlZmNlOCJ9\">\n\t\t\t\t\t<div class=\"e-gallery-image elementor-gallery-item__image\" data-thumbnail=\"https:\/\/www.pokojewgdyni.pl\/wp-content\/uploads\/2024\/11\/plac-zabaw-3-1024x683.jpg\" data-width=\"800\" data-height=\"534\" aria-label=\"\" role=\"img\" ><\/div>\n\t\t\t\t\t\t\t\t\t\t\t<div class=\"elementor-gallery-item__overlay\"><\/div>\n\t\t\t\t\t\t\t\t\t\t\t\t\t\t\t<div class=\"elementor-gallery-item__content\">\n\t\t\t\t\t\t\t\t\t\t\t<\/div>\n\t\t\t\t\t\t\t\t\t<\/a>\n\t\t\t\t\t\t\t<a class=\"e-gallery-item elementor-gallery-item elementor-animated-content\" href=\"https:\/\/www.pokojewgdyni.pl\/wp-content\/uploads\/2025\/12\/plac-zabaw-glowne-kolaz-1-scaled.jpg\" data-elementor-open-lightbox=\"yes\" data-elementor-lightbox-slideshow=\"6befce8\" data-elementor-lightbox-title=\"plac zabaw g\u0142o\u0301wne kolaz\u0307 1\" data-e-action-hash=\"#elementor-action%3Aaction%3Dlightbox%26settings%3DeyJpZCI6MTIwNCwidXJsIjoiaHR0cHM6XC9cL3d3dy5wb2tvamV3Z2R5bmkucGxcL3dwLWNvbnRlbnRcL3VwbG9hZHNcLzIwMjVcLzEyXC9wbGFjLXphYmF3LWdsb3duZS1rb2xhei0xLXNjYWxlZC5qcGciLCJzbGlkZXNob3ciOiI2YmVmY2U4In0%3D\">\n\t\t\t\t\t<div class=\"e-gallery-image elementor-gallery-item__image\" data-thumbnail=\"https:\/\/www.pokojewgdyni.pl\/wp-content\/uploads\/2025\/12\/plac-zabaw-glowne-kolaz-1-683x1024.jpg\" data-width=\"683\" data-height=\"1024\" aria-label=\"\" role=\"img\" ><\/div>\n\t\t\t\t\t\t\t\t\t\t\t<div class=\"elementor-gallery-item__overlay\"><\/div>\n\t\t\t\t\t\t\t\t\t\t\t\t\t\t\t<div class=\"elementor-gallery-item__content\">\n\t\t\t\t\t\t\t\t\t\t\t<\/div>\n\t\t\t\t\t\t\t\t\t<\/a>\n\t\t\t\t\t\t\t<a class=\"e-gallery-item elementor-gallery-item elementor-animated-content\" href=\"https:\/\/www.pokojewgdyni.pl\/wp-content\/uploads\/2024\/11\/plac-zabaw-2.jpg\" data-elementor-open-lightbox=\"yes\" data-elementor-lightbox-slideshow=\"6befce8\" data-elementor-lightbox-title=\"plac-zabaw-2\" data-e-action-hash=\"#elementor-action%3Aaction%3Dlightbox%26settings%3DeyJpZCI6MTE1NSwidXJsIjoiaHR0cHM6XC9cL3d3dy5wb2tvamV3Z2R5bmkucGxcL3dwLWNvbnRlbnRcL3VwbG9hZHNcLzIwMjRcLzExXC9wbGFjLXphYmF3LTIuanBnIiwic2xpZGVzaG93IjoiNmJlZmNlOCJ9\">\n\t\t\t\t\t<div class=\"e-gallery-image elementor-gallery-item__image\" data-thumbnail=\"https:\/\/www.pokojewgdyni.pl\/wp-content\/uploads\/2024\/11\/plac-zabaw-2-683x1024.jpg\" data-width=\"683\" data-height=\"1024\" aria-label=\"\" role=\"img\" ><\/div>\n\t\t\t\t\t\t\t\t\t\t\t<div class=\"elementor-gallery-item__overlay\"><\/div>\n\t\t\t\t\t\t\t\t\t\t\t\t\t\t\t<div class=\"elementor-gallery-item__content\">\n\t\t\t\t\t\t\t\t\t\t\t<\/div>\n\t\t\t\t\t\t\t\t\t<\/a>\n\t\t\t\t\t<\/div>\n\t\t\t\t\t<\/div>\n\t\t\t\t<\/div>\n\t\t\t\t<div class=\"elementor-element elementor-element-34ed70a elementor-widget elementor-widget-heading\" data-id=\"34ed70a\" data-element_type=\"widget\" data-e-type=\"widget\" data-widget_type=\"heading.default\">\n\t\t\t\t<div class=\"elementor-widget-container\">\n\t\t\t\t\t<p class=\"elementor-heading-title elementor-size-default\">fot. Marek Sa\u0142atowski<\/p>\t\t\t\t<\/div>\n\t\t\t\t<\/div>\n\t\t\t\t\t<\/div>\n\t\t<\/div>\n\t\t\t\t\t<\/div>\n\t\t<\/section>\n\t\t\t\t<\/div>\n\t\t","protected":false},"excerpt":{"rendered":"<p>PLAC ZABAW W KAMIENICY Wiemy, jak wa\u017cne s\u0105 nowe aktywno\u015bci dla naszych najm\u0142odszych Go\u015bci, aby ich Rodzice mogli chwilk\u0119 odpocz\u0105\u0107. Zapraszamy do pokoju zabaw \u2013 basenik z kuleczkami, tablica magnetyczna, kuchnia i biblioteczka umil\u0105 Wam wsp\u00f3lny czas. Do tego zewn\u0119trzny plac zabaw z trampolin\u0105, piaskownic\u0105 i domkiem z zje\u017cdzalni\u0105. fot. Marek Sa\u0142atowski<\/p>","protected":false},"author":2,"featured_media":0,"parent":0,"menu_order":0,"comment_status":"closed","ping_status":"closed","template":"elementor_header_footer","meta":{"footnotes":""},"class_list":["post-1136","page","type-page","status-publish","hentry"],"_links":{"self":[{"href":"https:\/\/www.pokojewgdyni.pl\/ru\/wp-json\/wp\/v2\/pages\/1136","targetHints":{"allow":["GET"]}}],"collection":[{"href":"https:\/\/www.pokojewgdyni.pl\/ru\/wp-json\/wp\/v2\/pages"}],"about":[{"href":"https:\/\/www.pokojewgdyni.pl\/ru\/wp-json\/wp\/v2\/types\/page"}],"author":[{"embeddable":true,"href":"https:\/\/www.pokojewgdyni.pl\/ru\/wp-json\/wp\/v2\/users\/2"}],"replies":[{"embeddable":true,"href":"https:\/\/www.pokojewgdyni.pl\/ru\/wp-json\/wp\/v2\/comments?post=1136"}],"version-history":[{"count":13,"href":"https:\/\/www.pokojewgdyni.pl\/ru\/wp-json\/wp\/v2\/pages\/1136\/revisions"}],"predecessor-version":[{"id":1208,"href":"https:\/\/www.pokojewgdyni.pl\/ru\/wp-json\/wp\/v2\/pages\/1136\/revisions\/1208"}],"wp:attachment":[{"href":"https:\/\/www.pokojewgdyni.pl\/ru\/wp-json\/wp\/v2\/media?parent=1136"}],"curies":[{"name":"wp","href":"https:\/\/api.w.org\/{rel}","templated":true}]}}