{"id":157,"date":"2019-11-19T10:07:06","date_gmt":"2019-11-19T09:07:06","guid":{"rendered":"https:\/\/pokojewgdyni.t44.pl\/?page_id=157"},"modified":"2019-12-03T13:54:28","modified_gmt":"2019-12-03T12:54:28","slug":"regulamin","status":"publish","type":"page","link":"https:\/\/www.pokojewgdyni.pl\/ru\/regulamin\/","title":{"rendered":"\u041f\u0440\u0430\u0432\u0438\u043b\u0430"},"content":{"rendered":"\t\t<div data-elementor-type=\"wp-page\" data-elementor-id=\"157\" class=\"elementor elementor-157\" data-elementor-post-type=\"page\">\n\t\t\t\t\t\t<section class=\"elementor-section elementor-top-section elementor-element elementor-element-770c22b elementor-section-height-min-height elementor-section-boxed elementor-section-height-default elementor-section-items-middle\" data-id=\"770c22b\" data-element_type=\"section\" data-e-type=\"section\" data-settings=\"{&quot;background_background&quot;:&quot;classic&quot;,&quot;background_motion_fx_motion_fx_scrolling&quot;:&quot;yes&quot;,&quot;background_motion_fx_scale_effect&quot;:&quot;yes&quot;,&quot;background_motion_fx_scale_speed&quot;:{&quot;unit&quot;:&quot;px&quot;,&quot;size&quot;:6,&quot;sizes&quot;:[]},&quot;background_motion_fx_scale_range&quot;:{&quot;unit&quot;:&quot;%&quot;,&quot;size&quot;:&quot;&quot;,&quot;sizes&quot;:{&quot;start&quot;:47,&quot;end&quot;:85}},&quot;background_motion_fx_scale_direction&quot;:&quot;out-in&quot;,&quot;background_motion_fx_devices&quot;:[&quot;desktop&quot;,&quot;tablet&quot;,&quot;mobile&quot;]}\">\n\t\t\t\t\t\t\t<div class=\"elementor-background-overlay\"><\/div>\n\t\t\t\t\t\t\t<div class=\"elementor-container elementor-column-gap-default\">\n\t\t\t\t\t<div class=\"elementor-column elementor-col-100 elementor-top-column elementor-element elementor-element-d06952f\" data-id=\"d06952f\" data-element_type=\"column\" data-e-type=\"column\">\n\t\t\t<div class=\"elementor-widget-wrap elementor-element-populated\">\n\t\t\t\t\t\t<div class=\"elementor-element elementor-element-7cbae9b elementor-invisible elementor-widget elementor-widget-heading\" data-id=\"7cbae9b\" data-element_type=\"widget\" data-e-type=\"widget\" data-settings=\"{&quot;_animation&quot;:&quot;fadeInDown&quot;,&quot;_animation_delay&quot;:500}\" data-widget_type=\"heading.default\">\n\t\t\t\t<div class=\"elementor-widget-container\">\n\t\t\t\t\t<h1 class=\"elementor-heading-title elementor-size-default\">Regulamin<\/h1>\t\t\t\t<\/div>\n\t\t\t\t<\/div>\n\t\t\t\t<div class=\"elementor-element elementor-element-c4eb68d elementor-invisible elementor-widget elementor-widget-image\" data-id=\"c4eb68d\" data-element_type=\"widget\" data-e-type=\"widget\" data-settings=\"{&quot;_animation&quot;:&quot;fadeInDown&quot;}\" data-widget_type=\"image.default\">\n\t\t\t\t<div class=\"elementor-widget-container\">\n\t\t\t\t\t\t\t\t\t\t\t\t\t\t\t<img decoding=\"async\" width=\"200\" height=\"15\" src=\"https:\/\/www.pokojewgdyni.pl\/wp-content\/uploads\/2019\/11\/divider.png\" class=\"attachment-full size-full wp-image-89\" alt=\"\" \/>\t\t\t\t\t\t\t\t\t\t\t\t\t\t\t<\/div>\n\t\t\t\t<\/div>\n\t\t\t\t\t<\/div>\n\t\t<\/div>\n\t\t\t\t\t<\/div>\n\t\t<\/section>\n\t\t\t\t<section class=\"elementor-section elementor-top-section elementor-element elementor-element-968e99e elementor-section-boxed elementor-section-height-default elementor-section-height-default\" data-id=\"968e99e\" data-element_type=\"section\" data-e-type=\"section\">\n\t\t\t\t\t\t<div class=\"elementor-container elementor-column-gap-default\">\n\t\t\t\t\t<div class=\"elementor-column elementor-col-100 elementor-top-column elementor-element elementor-element-37cf8b9\" data-id=\"37cf8b9\" data-element_type=\"column\" data-e-type=\"column\">\n\t\t\t<div class=\"elementor-widget-wrap elementor-element-populated\">\n\t\t\t\t\t\t<div class=\"elementor-element elementor-element-d11ed39 elementor-widget elementor-widget-text-editor\" data-id=\"d11ed39\" data-element_type=\"widget\" data-e-type=\"widget\" data-widget_type=\"text-editor.default\">\n\t\t\t\t<div class=\"elementor-widget-container\">\n\t\t\t\t\t\t\t\t\t<p>\n    <strong><\/strong>\n<\/p>\n<p>\n    <a\n        href=\"http:\/\/www.pokojewgdyni.pl\/pl\/strony\/informacja-o-przetwarzaniu-danych\"\n    >\n        Informacja o przetwarzaniu danych osobowych.\n    <\/a>\n<\/p>\n<p>\n    Regulamin okre\u015bla zasady korzystania z us\u0142ug najmu pokoi\/apartament\u00f3w za\npo\u015brednictwem serwisu rezerwacyjnego    <a href=\"http:\/\/www.pokojewgdyni.pl\/\">www.pokojewgdyni.pl<\/a>. Dokonanie\n    rezerwacji jest jednoznaczne z zapoznaniem si\u0119 i zaakceptowaniem\n    postanowie\u0144 niniejszego Regulaminu.\n<\/p>\n<p>\n    <strong>I. Rezerwacja Pokoju\/Apartamentu.<\/strong>\n<\/p>\n<ol start=\"1\" type=\"1\">\n    <li>\n        Wst\u0119pna rezerwacja Pokoju\/Apartamentu nast\u0119puje po zarezerwowaniu\npobytu poprzez formularz rezerwacji ze strony        <a href=\"http:\/\/www.pokojewgdyni.pl\/\">www.pokojewgdyni.pl<\/a> lub\n        przes\u0142ania zapytania na adres email:\n        <a href=\"mailto:rezerwacja@pokojewgdyni.pl\">\n            rezerwacja@pokojewgdyni.pl\n        <\/a>\n    <\/li>\n    <li>\n        Dost\u0119p do niniejszego serwisu rezerwacyjnego mo\u017cliwy jest wy\u0142\u0105cznie w\n        formie on-line.\n    <\/li>\n    <li>\n        Podana w formularzu rezerwacji \u0142\u0105czna kwota za pobyt w\n        Pokoju\/Apartamencie nie uwzgl\u0119dnia rabat\u00f3w (zni\u017cek) oraz cen\n        okre\u015blonych dla okres\u00f3w specjalnych. W przypadku pyta\u0144 lub w\u0105tpliwo\u015bci\n        z tym zwi\u0105zanych prosimy o kontakt pod nr (+48) 500 400 882 lub email:\n        <a href=\"mailto:rezerwacja@pokojewgdyni.pl\">\n            rezerwacja@pokojewgdyni.pl\n        <\/a>\n    <\/li>\n    <li>\n        Po przes\u0142aniu formularza lub zapytania Go\u015b\u0107 otrzymuje informacj\u0119\n        zwrotn\u0105 w postaci potwierdzenia wst\u0119pnej rezerwacji, w kt\u00f3rej zawarte\n        s\u0105 wszelkie informacje dotycz\u0105ce p\u0142atno\u015bci, terminu wp\u0142aty op\u0142aty\n        rezerwacyjnej, etc.\n    <\/li>\n    <li>\n        Op\u0142ata rezerwacyjna wp\u0142acana jest na konto bankowe podane we wst\u0119pnym\n        potwierdzeniu rezerwacji i wynosi 30% ca\u0142ej kwoty za pobyt.\n    <\/li>\n    <li>\n        Potwierdzenie rezerwacji nast\u0119puje tylko i wy\u0142\u0105cznie po zaksi\u0119gowaniu\n        wp\u0142aty op\u0142aty rezerwacyjnej na podanym we wst\u0119pnej rezerwacji koncie\n        bankowym lub po przes\u0142aniu na adres e-mail:\n        <a href=\"mailto:rezerwacja@pokojewgdyni.pl\">\n            rezerwacja@pokojewgdyni.pl\n        <\/a>\n        potwierdzenia wp\u0142aty op\u0142aty rezerwacyjnej.\n    <\/li>\n    <li>\n        Wp\u0142acona op\u0142ata rezerwacyjna nie podlega zwrotowi i jest r\u00f3wnoznaczna z\n        akceptacj\u0105 niniejszego Regulaminu oraz oferty cenowej, kt\u00f3ra nie\n        podlega zmianie. Op\u0142ata rezerwacyjna zaliczana jest na poczet kosztu\n        pobytu Go\u015bcia w Pokoju\/Apartamencie.\n    <\/li>\n    <li>\n        W przypadku wybranych Pokoi\/Apartament\u00f3w pobierana jest na miejscu\n        kaucja zwrotna. Jej wysoko\u015b\u0107 ustalana jest z Go\u015bciem indywidualnie\n        przed przybyciem Go\u015bcia do Pokoju\/Apartamentu.\n    <\/li>\n    <li>\n        Wszelkie zmiany w rezerwacji dopuszczalne s\u0105 wy\u0142\u0105cznie za po\u015brednictwem\n        i wiedz\u0105 Pokoi Go\u015bcinnych &#8222;W kamienicy&#8221; w Gdyni. Zmiany mog\u0105 dotyczy\u0107\n        liczby przyje\u017cd\u017caj\u0105cych os\u00f3b lub termin\u00f3w. Go\u015b\u0107 informuje telefonicznie\n        lub elektronicznie Pokoje Go\u015bcinne &#8222;W kamienicy&#8221; o zakresie zmian,\n        jakie chcia\u0142by wprowadzi\u0107. Pokoje Go\u015bcinne &#8222;W kamienicy&#8221; zastrzegaj\u0105\n        sobie prawo do odmowy dokonania zmian, je\u015bli z przyczyn obiektywnych\n        nie b\u0119dzie to mo\u017cliwe. W przypadku odst\u0105pienia od rezerwacji z powodu\n        braku mo\u017cliwo\u015bci wprowadzenia zmian, Go\u015bciowi nie przys\u0142uguje zwrot\n        op\u0142aty rezerwacyjnej.\n    <\/li>\n    <li>\n        Pokoje Go\u015bcinne &#8222;W kamienicy&#8221; maj\u0105 prawo, w przypadku wyst\u0105pienia\n        zjawisk maj\u0105cych charakter si\u0142y wy\u017cszej odst\u0105pi\u0107 od rezerwacji. Kwoty\n        wp\u0142acone przez Go\u015bcia podlegaj\u0105 w takim przypadku natychmiastowemu\n        zwrotowi.\n    <\/li>\n<\/ol>\n<p>\n    <strong>II. Przyjazd Go\u015bci.<\/strong>\n<\/p>\n<ol start=\"1\" type=\"1\">\n    <li>\n        Meldunek Go\u015bci do Pokoi Go\u015bcinnych &#8222;W kamienicy&#8221; w Gdyni odbywa si\u0119 w\n        godzinach 14:00 &#8211; 22:00, chyba \u017ce godzina przyjazdu Go\u015bci ustalona\n        zosta\u0142a indywidualnie.\n    <\/li>\n    <li>\n        Godzina zakwaterowania Go\u015bcia ustalana jest co najmniej na dob\u0119 przed\n        planowanym przyjazdem drog\u0105 telefoniczn\u0105 pod nr (+48) 500 400 882.\n    <\/li>\n    <li>\n        W momencie przybycia do Pokoi Go\u015bcinnych &#8222;W kamienicy&#8221; Go\u015b\u0107 zobowi\u0105zany\n        jest do okazania wa\u017cnego dowodu to\u017csamo\u015bci (dow\u00f3d osobisty, paszport) i\n        uiszczenia reszty nale\u017cno\u015bci za pobyt got\u00f3wk\u0105 lub kart\u0105 p\u0142atnicz\u0105.\n        Klucze zostaj\u0105 wydane dopiero po dokonaniu w\/w formalno\u015bci.\n    <\/li>\n    <li>\n        Obiekt ma prawo do odmowy wydania kluczy w przypadku, gdy Go\u015b\u0107:\n    <\/li>\n    <ol start=\"1\" type=\"1\">\n        <li>\n            nie posiada wa\u017cnego dowodu to\u017csamo\u015bci;\n        <\/li>\n        <li>\n            nie ui\u015bci\u0142 reszty nale\u017cno\u015bci za pobyt got\u00f3wk\u0105;\n        <\/li>\n        <li>\n            znajduje si\u0119 pod wp\u0142ywem alkoholu lub innych \u015brodk\u00f3w odurzaj\u0105cych;\n        <\/li>\n        <li>\n            zachowuje si\u0119 w spos\u00f3b agresywny i\/lub niekulturalny;\n        <\/li>\n        <li>\n            podczas poprzedniego pobytu ra\u017c\u0105co naruszy\u0142 regulamin hotelowy.\n        <\/li>\n    <\/ol>\n    <li>\n        W trakcie pobytu liczba os\u00f3b nocuj\u0105cych w Pokoju\/Apartamencie\n        bezwzgl\u0119dnie nie mo\u017ce przekracza\u0107 liczby os\u00f3b na jak\u0105 dokonana zosta\u0142a\n        rezerwacja. Go\u015b\u0107 Pokoi Go\u015bcinnych &#8222;W kamienicy&#8221; nie mo\u017ce r\u00f3wnie\u017c\n        przekazywa\u0107 Pokoju\/Apartamentu osobom trzecim, nawet je\u015b\u0142i nie up\u0142yn\u0105\u0142\n        okres, za kt\u00f3y ui\u015bci\u0142 nale\u017cn\u0105 za pobyt op\u0142at\u0119.\n    <\/li>\n    <li>\n        Pokoje Go\u015bcinne &#8222;W kamienicy&#8221; w Gdyni dopuszczaj\u0105 pobyt Go\u015bcia ze\n        zwierz\u0119ciem w wynajmowanym Pokoju\/Apartamencie. Go\u015b\u0107 ponosi pe\u0142n\u0105\n        odpowiedzialno\u015b\u0107 za szkody wyrz\u0105dzone przez jego zwierz\u0119. Za ka\u017cdy\n        dzie\u0144 pobytu zwierz\u0119cia naliczana mo\u017ce by\u0107 dodatkowa op\u0142ata.\n    <\/li>\n    <li>\n        Wszystkie dodatkowe us\u0142ugi, z kt\u00f3rych Go\u015bcie korzystaj\u0105 w czasie pobytu\n        w Pokojach Go\u015bcinnych &#8222;W kamienicy&#8221;, m.in. przygotowanie posi\u0142k\u00f3w,\n        napoj\u00f3w, nale\u017cy pokry\u0107 osobi\u015bcie, gdy\u017c nie s\u0105 one wliczone w cen\u0119\n        pobytu w Pokojach\/Apartamentach.\n    <\/li>\n    <li>\n        Pokoje Go\u015bcinne &#8222;W kamienicy&#8221; maj\u0105 obowi\u0105zek zapewni\u0107 sprz\u0105tanie\n        Pokoju\/Apartamentu oraz wymian\u0119 po\u015bcieli i r\u0119cznik\u00f3w po tygodniu pobytu\n        w obiekcie.\n    <\/li>\n<\/ol>\n<p>\n    <strong>III. Wyjazd Go\u015bci.<\/strong>\n<\/p>\n<ol start=\"1\" type=\"1\">\n    <li>\n        Wyjazdy Go\u015bci odbywaj\u0105 si\u0119 w godzinach 08:00-11:00, przy czym istnieje\n        mo\u017cliwo\u015b\u0107 indywidualnego ustalenia godziny wyjazdu.\n    <\/li>\n    <li>\n        Godzina wyjazdu ustalana jest co najmniej na dob\u0119 przed opuszczeniem\n        Pokoju\/Apartamentu drog\u0105 telefoniczn\u0105 pod nr (+48) 500 400 882 lub na\n        recepcji.\n    <\/li>\n    <li>\n        Nieuzgodnione przed\u0142u\u017cenie godziny wyjazdu Go\u015bcia r\u00f3wnoznaczne jest z\n        konieczno\u015bci\u0105 zap\u0142aty za kolejn\u0105 dob\u0119.\n    <\/li>\n    <li>\n        \u017byczenie przed\u0142u\u017cenia pobytu poza okres wskazany w dniu przybycia, Go\u015b\u0107\n        powinien zg\u0142osi\u0107 w recepcji lub telefonicznie do godziny 10:00 dnia, w\n        kt\u00f3rym up\u0142ywa termin najmu Pokoju\/Apartamentu. Pokoje Go\u015bcinne &#8222;W\n        kamienicy&#8221; uwzgl\u0119dniaj\u0105 \u017cyczenia przed\u0142u\u017cenia pobytu w miar\u0119\n        posiadanych mo\u017cliwo\u015bci.\n    <\/li>\n    <li>\n        Pokoje Go\u015bcinne &#8222;W kamienicy&#8221; uwzgl\u0119dniaj\u0105 \u017cyczenia przed\u0142u\u017cenia pobytu\n        w miar\u0119 posiadanych mo\u017cliwo\u015bci.\n    <\/li>\n<\/ol>\n<p>\n    <strong>IV. Rezygnacja z rezerwacji noclegu b\u0105d\u017a skr\u00f3cenie pobytu.<\/strong>\n<\/p>\n<ol start=\"1\" type=\"1\">\n    <li>\n        Rezerwacja niegwarantowana (nie poparta przedp\u0142at\u0105) i nie potwierdzona\n        telefonicznie, w przypadku nie pojawienia si\u0119 Go\u015bcia do godziny 18:00 w\n        dniu przyjazdu, wygasa automatycznie bez informowania Go\u015bcia.\n    <\/li>\n    <li>\n        W przypadku rezerwacji gwarantowanej (popartej przedp\u0142at\u0105) Pokoje\n        Go\u015bcinne &#8222;W kamienicy&#8221; nie obci\u0105\u017c\u0105 Go\u015bcia kar\u0105 za anulowanie rezerwacji\n        do 14 dni przed dat\u0105 przyjazdu. W momencie anulowania rezerwacji po tym\n        terminie Pokoje Go\u015bcinne &#8222;W kamienicy&#8221; maj\u0105 prawo do zachowania op\u0142aty\n        rezerwacyjnej bez mo\u017cliwo\u015bci zwrotu.\n    <\/li>\n    <li>\n        W przypadku skr\u00f3cenia pobytu wp\u0142acone przez Go\u015bcia \u015brodki nie podlegaj\u0105\n        zwrotowi, chyba \u017ce uzgodniono inaczej.\n    <\/li>\n<\/ol>\n<p>\n    <strong>V. Post\u0119powanie reklamacyjne.<\/strong>\n<\/p>\n<ol start=\"1\" type=\"1\">\n    <li>\n        Wszelkie uwagi i zastrze\u017cenia dotycz\u0105ce niniejszego serwisu\n        rezerwacyjnego nale\u017cy zg\u0142asza\u0107 na adres email:\n        <a href=\"mailto:rezerwacja@pokojewgdyni.pl\">\n            rezerwacja@pokojewgdyni.pl\n        <\/a>\n        .\n    <\/li>\n    <li>\n        Klient\/Go\u015b\u0107 mo\u017ce z\u0142o\u017cy\u0107 reklamacj\u0119, je\u017celi us\u0142ugi przewidziane w\n        niniejszym Regulaminie nie s\u0105 realizowane przez Pokoje Go\u015bcinne &#8222;W\n        kamienicy&#8221; w Gdyni lub s\u0105 realizowane niezgodnie z opisem.\n    <\/li>\n    <li>\n        Reklamacj\u0119 mo\u017cna z\u0142o\u017cy\u0107 w formie elektronicznej na adres email:\n        <a href=\"mailto:rezerwacja@pokojewgdyni.pl\">\n            rezerwacja@pokojewgdyni.pl\n        <\/a>\n        Reklamacja powinna zawiera\u0107 co najmniej imi\u0119 i nazwisko\/nazw\u0119 Go\u015bcia,\n        opis reklamacji, opis zg\u0142aszanych zastrze\u017ce\u0144 oraz adres e-mail, na\n        kt\u00f3ry ma zosta\u0107 przes\u0142ana odpowied\u017a na reklamacj\u0119.\n    <\/li>\n    <li>\n        Je\u017celi podane w reklamacji dane lub informacje wymagaj\u0105 uzupe\u0142nienia,\n        przed rozpatrzeniem reklamacji Pokoje Go\u015bcinne &#8222;W kamienicy&#8221; zwracaj\u0105\n        si\u0119 do Go\u015bcia sk\u0142adaj\u0105cego reklamacj\u0119 o jej uzupe\u0142nienie we wskazanym\n        zakresie.\n    <\/li>\n    <li>\n        Pokoje Go\u015bcinne &#8222;W kamienicy&#8221; rozpoznaj\u0105 reklamacj\u0119 w terminie 14 dni\n        od daty jej otrzymania w prawid\u0142owej postaci, z zastrze\u017ceniem, \u017ce\n        Pokoje Go\u015bcinne &#8222;W kamienicy&#8221; mog\u0105 odm\u00f3wi\u0107 rozpatrzenia reklamacji\n        z\u0142o\u017conych po up\u0142ywie 90 dni od wyst\u0105pienia przyczyn reklamacji.\n    <\/li>\n    <li>\n        Odpowied\u017a na reklamacj\u0119 wysy\u0142ana jest wy\u0142\u0105cznie na adres e-mail\n        wskazany w reklamacji.\n    <\/li>\n<\/ol>\n<p>\n    <strong>VI. Postanowienia ko\u0144cowe.<\/strong>\n<\/p>\n<ol start=\"1\" type=\"1\">\n    <li>\n        Za rzeczy pozostawione w Pokoju\/Apartamencie, a tak\u017ce samoch\u00f3d lub inny\n        pojazd nale\u017c\u0105cy do Go\u015bcia, Pokoje Go\u015bcinne &#8222;W kamienicy&#8221; w Gdyni nie\n        odpowiadaj\u0105. W przypadku odnalezienia przedmiot\u00f3w osobistego u\u017cytku\n        pozostawionych przez wyje\u017cd\u017caj\u0105cego Go\u015bcia, Pokoje Go\u015bcinne &#8222;W\n        kamienicy&#8221; zobowi\u0105zuj\u0105 si\u0119 do ich przechowania przez okres 1 miesi\u0105ca.\n        Pokoje Go\u015bcinne &#8222;W kamienicy&#8221; nie odsy\u0142aj\u0105 pozostawionych przez Go\u015bcia\n        rzeczy.\n    <\/li>\n    <li>\n        We wszystkich Pokojach\/Apartamentach obowi\u0105zuje cisza nocna mi\u0119dzy\n        godzin\u0105 22:00 a 07:00 oraz zakaz palenia, kt\u00f3rego z\u0142amanie skutkuje\n        naliczeniem op\u0142aty w wysoko\u015bci 200 z\u0142.\n    <\/li>\n    <li>\n        Go\u015b\u0107 hotelowy zobowi\u0105zany jest do dbania o wynaj\u0119ty Pok\u00f3j\/Apartament,\n        oraz sprawdzania czy jest zamkni\u0119ty po ka\u017cdorazowym jego opuszczeniu.\n        Zgubienie klucza nale\u017cy ka\u017cdorazowo zg\u0142osi\u0107 na recepcji b\u0105d\u017a\n        telefonicznie. Op\u0142ata za zgubienie klucza do Pokoju\/Apartamentu wynosi\n        80 z\u0142.\n    <\/li>\n    <li>\n        Obowi\u0105zuje ca\u0142kowity zakaz wynoszenia z pokoju nale\u017c\u0105cych do Pokoi\n        Go\u015bcinnych &#8222;W kamienicy&#8221; rzeczy (np. r\u0119czniki, koce, poduszki, itd.).\n    <\/li>\n    <li>\n        Pokoje Go\u015bcinne &#8222;W kamienicy&#8221; nie ponosz\u0105 odpowiedzialno\u015bci za\n        niedogodno\u015bci powsta\u0142e podczas pobytu w szczeg\u00f3lno\u015bci zwi\u0105zane z:\n    <\/li>\n    <ol start=\"1\" type=\"1\">\n        <li>\n            remontami,\n        <\/li>\n        <li>\n            pracami budowlanymi i wyko\u0144czeniowymi na terenie lub w pobli\u017cu\n            budynku,\n        <\/li>\n        <li>\n            ha\u0142asem,\n        <\/li>\n        <li>\n            brakiem dostawy medi\u00f3w nie wynikaj\u0105cym z winy Pokoi Go\u015bcinnych &#8222;W\n            kamienicy&#8221;.\n        <\/li>\n    <\/ol>\n    <li>\n        Personel Pokoi Go\u015bcinnych &#8222;W kamienicy&#8221; nie ma prawa bez zezwolenia\n        Go\u015bcia wchodzi\u0107 do wynaj\u0119tego przez Go\u015bcia Pokoju\/Apartamentu, a tym\n        bardziej przemieszczania czy korzystania z jego osobistych rzeczy.\n        Personel mo\u017ce wej\u015b\u0107 do wynaj\u0119tego Pokoju\/Apartamentu bez uprzedniego\n        poinformowania Go\u015bcia jedynie w celu posprz\u0105tania czy wymiany po\u015bcieli.\n        Prawo wej\u015bcia do wynaj\u0119tego Pokoju\/Apartamentu pozostawia si\u0119 r\u00f3wnie\u017c\n        personelowi hotelowemu w przypadku zauwa\u017cenia niebezpiecze\u0144stw\n        zagra\u017caj\u0105cych bezpiecze\u0144stwu Go\u015bci lub w przypadku niestosowania si\u0119\n        Go\u015bci do regulaminu hotelowego.\n    <\/li>\n    <li>\n        Go\u015b\u0107 hotelowy ponosi odpowiedzialno\u015b\u0107 materialn\u0105 za wszelkiego rodzaju\n        uszkodzenia lub zniszczenia przedmiot\u00f3w wyposa\u017cenia i urz\u0105dze\u0144\n        technicznych obiektu powsta\u0142e z jego winy. W tym przypadku Pokoje\n        Go\u015bcinne &#8222;W kamienicy&#8221; zastrzegaj\u0105 sobie prawo do obci\u0105\u017cenia Go\u015bcia\n        kwot\u0105 odpowiadaj\u0105c\u0105 r\u00f3wnowarto\u015bci poniesionej straty. W dniu wyjazdu\n        Go\u015b\u0107 jest zobowi\u0105zany udost\u0119pni\u0107 wynajmowany Pok\u00f3j\/Apartament obs\u0142udze\n        hotelowej w celu skontrolowania przez obs\u0142ug\u0119 stanu miejsca\n        noclegowego. Dopiero w\u00f3wczas Go\u015b\u0107 ma prawo opu\u015bci\u0107 Pokoje Go\u015bcinne &#8222;W\n        kamienicy&#8221;. Wszelkie roszczenia w sprawie ewentualnych zniszcze\u0144, kt\u00f3re\n        nie zosta\u0142y zg\u0142oszone b\u0119d\u0105 dochodzone na drodze s\u0105dowej.\n    <\/li>\n    <li>\n        Wynaj\u0119ty Pok\u00f3j\/Apartament nale\u017cy pozostawi\u0107 w takim stanie w jakim by\u0142\n        w dniu przyjazdu.\n    <\/li>\n    <li>\n        Go\u015bciom, kt\u00f3rzy nie stosuj\u0105 si\u0119 do regulaminu mo\u017ce zosta\u0107 wypowiedziana\n        umowa, a r\u00f3\u017cnica w cenie wynikaj\u0105ca ze skr\u00f3conego pobytu nie zostanie\n        zwr\u00f3cona.\n    <\/li>\n    <li>\n        W przypadku jakiegokolwiek kontaktu z Pokojami Go\u015bcinnymi &#8222;W kamienicy&#8221;\n        przy wykorzystaniu \u015brodk\u00f3w komunikacji elektronicznej obowi\u0105zuje zakaz\n        dostarczania przez Go\u015bcia tre\u015bci o charakterze bezprawnym.\n    <\/li>\n    <li>\n        W razie szczeg\u00f3\u0142owych pyta\u0144 z Pa\u0144stwa strony zwi\u0105zanych z Pa\u0144stwa\n        rezerwacj\u0105 i pobytem w Pokojach\/Apartamentach prosimy o kontakt pod nr\n        (+48) 500 400 882 lub email:\n        <a href=\"mailto:rezerwacja@pokojewgdyni.pl\">\n            rezerwacja@pokojewgdyni.pl\n        <\/a>\n    <\/li>\n<\/ol>\t\t\t\t\t\t\t\t<\/div>\n\t\t\t\t<\/div>\n\t\t\t\t\t<\/div>\n\t\t<\/div>\n\t\t\t\t\t<\/div>\n\t\t<\/section>\n\t\t\t\t<\/div>\n\t\t","protected":false},"excerpt":{"rendered":"<p>Informacja o przetwarzaniu danych osobowych. Regulamin okre\u015bla zasady korzystania z us\u0142ug najmu pokoi\/apartament\u00f3w za po\u015brednictwem serwisu rezerwacyjnego www.pokojewgdyni.pl. Dokonanie rezerwacji jest jednoznaczne z zapoznaniem si\u0119 i zaakceptowaniem postanowie\u0144 niniejszego Regulaminu. I. Rezerwacja Pokoju\/Apartamentu. Wst\u0119pna rezerwacja Pokoju\/Apartamentu nast\u0119puje po zarezerwowaniu pobytu poprzez formularz rezerwacji ze strony www.pokojewgdyni.pl lub przes\u0142ania zapytania na adres email: rezerwacja@pokojewgdyni.pl Dost\u0119p do [&hellip;]<\/p>\n","protected":false},"author":2,"featured_media":0,"parent":0,"menu_order":0,"comment_status":"closed","ping_status":"closed","template":"elementor_header_footer","meta":{"footnotes":""},"class_list":["post-157","page","type-page","status-publish","hentry"],"_links":{"self":[{"href":"https:\/\/www.pokojewgdyni.pl\/ru\/wp-json\/wp\/v2\/pages\/157","targetHints":{"allow":["GET"]}}],"collection":[{"href":"https:\/\/www.pokojewgdyni.pl\/ru\/wp-json\/wp\/v2\/pages"}],"about":[{"href":"https:\/\/www.pokojewgdyni.pl\/ru\/wp-json\/wp\/v2\/types\/page"}],"author":[{"embeddable":true,"href":"https:\/\/www.pokojewgdyni.pl\/ru\/wp-json\/wp\/v2\/users\/2"}],"replies":[{"embeddable":true,"href":"https:\/\/www.pokojewgdyni.pl\/ru\/wp-json\/wp\/v2\/comments?post=157"}],"version-history":[{"count":0,"href":"https:\/\/www.pokojewgdyni.pl\/ru\/wp-json\/wp\/v2\/pages\/157\/revisions"}],"wp:attachment":[{"href":"https:\/\/www.pokojewgdyni.pl\/ru\/wp-json\/wp\/v2\/media?parent=157"}],"curies":[{"name":"wp","href":"https:\/\/api.w.org\/{rel}","templated":true}]}}