{"id":3,"date":"2019-11-07T08:19:31","date_gmt":"2019-11-07T07:19:31","guid":{"rendered":"http:\/\/wordpress.example\/?page_id=3"},"modified":"2019-12-12T14:35:35","modified_gmt":"2019-12-12T13:35:35","slug":"polityka-prywatnosci","status":"publish","type":"page","link":"https:\/\/www.pokojewgdyni.pl\/ru\/polityka-prywatnosci\/","title":{"rendered":"\u041f\u043e\u043b\u0438\u0442\u0438\u043a\u0430 \u043a\u043e\u043d\u0444\u0438\u0434\u0435\u043d\u0446\u0438\u0430\u043b\u044c\u043d\u043e\u0441\u0442\u0438"},"content":{"rendered":"\t\t<div data-elementor-type=\"wp-page\" data-elementor-id=\"3\" class=\"elementor elementor-3\" data-elementor-post-type=\"page\">\n\t\t\t\t\t\t<section class=\"elementor-section elementor-top-section elementor-element elementor-element-ed4f9ce elementor-section-height-min-height elementor-section-boxed elementor-section-height-default elementor-section-items-middle\" data-id=\"ed4f9ce\" data-element_type=\"section\" data-e-type=\"section\" data-settings=\"{&quot;background_background&quot;:&quot;classic&quot;,&quot;background_motion_fx_motion_fx_scrolling&quot;:&quot;yes&quot;,&quot;background_motion_fx_scale_effect&quot;:&quot;yes&quot;,&quot;background_motion_fx_scale_speed&quot;:{&quot;unit&quot;:&quot;px&quot;,&quot;size&quot;:6,&quot;sizes&quot;:[]},&quot;background_motion_fx_scale_range&quot;:{&quot;unit&quot;:&quot;%&quot;,&quot;size&quot;:&quot;&quot;,&quot;sizes&quot;:{&quot;start&quot;:47,&quot;end&quot;:85}},&quot;background_motion_fx_scale_direction&quot;:&quot;out-in&quot;,&quot;background_motion_fx_devices&quot;:[&quot;desktop&quot;,&quot;tablet&quot;,&quot;mobile&quot;]}\">\n\t\t\t\t\t\t\t<div class=\"elementor-background-overlay\"><\/div>\n\t\t\t\t\t\t\t<div class=\"elementor-container elementor-column-gap-default\">\n\t\t\t\t\t<div class=\"elementor-column elementor-col-100 elementor-top-column elementor-element elementor-element-46027bc\" data-id=\"46027bc\" data-element_type=\"column\" data-e-type=\"column\">\n\t\t\t<div class=\"elementor-widget-wrap elementor-element-populated\">\n\t\t\t\t\t\t<div class=\"elementor-element elementor-element-f5d5d6b elementor-invisible elementor-widget elementor-widget-heading\" data-id=\"f5d5d6b\" data-element_type=\"widget\" data-e-type=\"widget\" data-settings=\"{&quot;_animation&quot;:&quot;fadeInDown&quot;,&quot;_animation_delay&quot;:500}\" data-widget_type=\"heading.default\">\n\t\t\t\t<div class=\"elementor-widget-container\">\n\t\t\t\t\t<h1 class=\"elementor-heading-title elementor-size-default\">Polityka prywatno\u015bci<\/h1>\t\t\t\t<\/div>\n\t\t\t\t<\/div>\n\t\t\t\t<div class=\"elementor-element elementor-element-cce436f elementor-invisible elementor-widget elementor-widget-image\" data-id=\"cce436f\" data-element_type=\"widget\" data-e-type=\"widget\" data-settings=\"{&quot;_animation&quot;:&quot;fadeInDown&quot;}\" data-widget_type=\"image.default\">\n\t\t\t\t<div class=\"elementor-widget-container\">\n\t\t\t\t\t\t\t\t\t\t\t\t\t\t\t<img decoding=\"async\" width=\"200\" height=\"15\" src=\"https:\/\/www.pokojewgdyni.pl\/wp-content\/uploads\/2019\/11\/divider.png\" class=\"attachment-full size-full wp-image-89\" alt=\"\" \/>\t\t\t\t\t\t\t\t\t\t\t\t\t\t\t<\/div>\n\t\t\t\t<\/div>\n\t\t\t\t\t<\/div>\n\t\t<\/div>\n\t\t\t\t\t<\/div>\n\t\t<\/section>\n\t\t\t\t<section class=\"elementor-section elementor-top-section elementor-element elementor-element-256bcc36 elementor-section-boxed elementor-section-height-default elementor-section-height-default\" data-id=\"256bcc36\" data-element_type=\"section\" data-e-type=\"section\">\n\t\t\t\t\t\t<div class=\"elementor-container elementor-column-gap-default\">\n\t\t\t\t\t<div class=\"elementor-column elementor-col-100 elementor-top-column elementor-element elementor-element-7acf601d\" data-id=\"7acf601d\" data-element_type=\"column\" data-e-type=\"column\">\n\t\t\t<div class=\"elementor-widget-wrap elementor-element-populated\">\n\t\t\t\t\t\t<div class=\"elementor-element elementor-element-1cf5556d elementor-widget elementor-widget-text-editor\" data-id=\"1cf5556d\" data-element_type=\"widget\" data-e-type=\"widget\" data-widget_type=\"text-editor.default\">\n\t\t\t\t<div class=\"elementor-widget-container\">\n\t\t\t\t\t\t\t\t\t<p>1. Niniejsza Polityka Prywatno\u015bci okre\u015bla zasady przetwarzania i ochrony danych osobowych przekazanych przez u\u017cytkownik\u00f3w w zwi\u0105zku z korzystaniem przez nich z us\u0142ug oferowanych przez serwis internetowy <strong>www.pokojewgdyni.pl<\/strong> (dalej: Serwis)<\/p>\n<p>2. Administratorem danych osobowych zawartych w Serwisie jest <strong>Kosayar Sp. z o.o. , ul. Morska 162A, 81-225 Gdynia<\/strong> wpisan\u0105 do rejestru przedsi\u0119biorc\u00f3w pod numerem <strong>NIP: 586 23 46 259<\/strong> (dalej: Administrator).<\/p>\n<p>3. W trosce o bezpiecze\u0144stwo powierzonych danych osobowych Administrator dzia\u0142a w oparciu o wewn\u0119trzne procedury i zalecenia, zgodne z odpowiednimi aktami prawnymi w zakresie ochrony danych osobowych, a w szczeg\u00f3lno\u015bci z Rozporz\u0105dzeniem Parlamentu Europejskiego i Rady (UE) 2016\/679 z dnia 27 kwietnia 2016 r. w sprawie ochrony os\u00f3b fizycznych w zwi\u0105zku z przetwarzaniem danych osobowych i w sprawie swobodnego przep\u0142ywu takich danych oraz uchylenia dyrektywy 95\/46 WE.<\/p>\n<p>4. Administrator dok\u0142ada szczeg\u00f3lnej staranno\u015bci w celu ochrony interes\u00f3w os\u00f3b, kt\u00f3rych dane dotycz\u0105, a w szczeg\u00f3lno\u015bci zapewnia, i\u017c dane osobowe s\u0105:<\/p>\n<p>\u2022 przetwarzane zgodnie z prawem;<\/p>\n<p>\u2022 zbierane dla oznaczonych, zgodnych z prawem cel\u00f3w i niepoddawane dalszemu przetwarzaniu niezgodnemu z tymi celami;<\/p>\n<p>\u2022 merytorycznie poprawne i adekwatne w stosunku do cel\u00f3w, w jakich s\u0105 przetwarzane;<\/p>\n<p>\u2022 przechowywane w postaci umo\u017cliwiaj\u0105cej identyfikacj\u0119 os\u00f3b, kt\u00f3rych dotycz\u0105, nie d\u0142u\u017cej ni\u017c jest to niezb\u0119dne do osi\u0105gni\u0119cia celu przetwarzania.<\/p>\n<p>5. Dane osobowe przetwarzane s\u0105 na podstawie zgody wyra\u017canej przez u\u017cytkownik\u00f3w Serwisu oraz w przypadkach, w kt\u00f3rych przepisy obowi\u0105zuj\u0105cego prawa upowa\u017cniaj\u0105 Administratora do przetwarzania danych osobowych.<\/p>\n<p>6. Administrator przetwarza dobrowolnie podane przez u\u017cytkownik\u00f3w Serwisu dane osobowe, jedynie w celu:<\/p>\n<p>\u2022 udzielania odpowiedzi na zapytania u\u017cytkownik\u00f3w kierowane przy u\u017cyciu formularza kontaktowego,<\/p>\n<p>\u2022 przyj\u0119cia rezerwacji przy u\u017cyciu systemu rezerwacji online,<\/p>\n<p>\u2022 realizacji us\u0142ug \u015bwiadczonych przez Administratora na podstawie Art. 6 ust. 1 lit. b) RODO,<\/p>\n<p>\u2022 marketingu, w tym przesy\u0142ania informacji handlowych na adres poczty elektronicznej, je\u017celi Klient wyrazi\u0142 na to zgod\u0119, poprzez zaznaczenie odpowiedniego pola w procesie rezerwacji lub sk\u0142adania zapytania przez formularz kontaktowy. Zgoda na przetwarzanie danych w celach marketingowych oraz przesy\u0142anie informacji handlowej mo\u017ce by\u0107 cofni\u0119ta poprzez klikni\u0119cie odpowiedniego linku w otrzymanej wiadomo\u015bci lub wys\u0142ane takiego zg\u0142oszenia na adres e-mail Administratora,<\/p>\n<p>\u2022 realizacji uzasadnionego interesu Administratora danych osobowych w szczeg\u00f3lnych przypadkach na podstawie Art. 6 ust. 1 lit. f) RODO np. windykacji, czy monitorowania wizyjnego ruchu na terenie Obiektu.<\/p>\n<p>7. Odbiorcami danych osobowych mog\u0105 by\u0107 organy, instytucje oraz podmioty uprawnione na mocy przepis\u00f3w prawa, a tak\u017ce podmioty \u015bwiadcz\u0105ce us\u0142ugi na rzecz Administratora danych (np. obs\u0142uga prawna, IT, marketingowa, ksi\u0119gowa oraz inne podmioty uczestnicz\u0105ce w realizacji zam\u00f3wionej us\u0142ugi.<\/p>\n<p>8. Administrator mo\u017ce korzysta\u0107 ze zautomatyzowanego podejmowania decyzji, w tym profilowania, do cel\u00f3w marketingowych oraz dostosowania oferty.<\/p>\n<p>9. Do przetwarzanych przez Administratora danych przys\u0142uguje wgl\u0105d u\u017cytkownikowi Serwisu, kt\u00f3ry je przekaza\u0142. U\u017cytkownik ma r\u00f3wnie\u017c prawo do modyfikacji tych danych, \u017c\u0105dania ich usuni\u0119cia oraz ograniczenia lub zaprzestania przetwarzania swoich danych osobowych w dowolnym momencie. W dowolnym momencie u\u017cytkownik mo\u017ce r\u00f3wnie\u017c \u017c\u0105da\u0107 usuni\u0119cia swoich danych osobowych z serwisu. Prawo do przeniesienia danych nie ma zastosowania, poniewa\u017c nie zosta\u0142 ustalony standard wymiany takich danych pomi\u0119dzy obiektami hotelowymi.<\/p>\n<p>10. U\u017cytkownik Serwisu ma prawo do cofni\u0119cia zgody w dowolnym momencie bez wp\u0142ywu na zgodno\u015b\u0107 z prawem przetwarzania, kt\u00f3rego dokonano na podstawie zgody przed jej cofni\u0119ciem.<\/p>\n<p>11. W celu wykonania swoich praw wskazanych w pkt. 8 powy\u017cej u\u017cytkownik Serwisu powinien skontaktowa\u0107 si\u0119 z Administratorem korzystaj\u0105c z tego samego adresu email lub numeru telefonu przekazanego do Serwisu, kontaktuj\u0105c si\u0119 na adres <strong>rezerwacja@pokojewgdyni.pl<\/strong><\/p>\n<p>12. Ka\u017cdy u\u017cytkownik serwisu mo\u017ce wnie\u015b\u0107 skarg\u0119 do Urz\u0119du Ochrony Danych Osobowych.<\/p>\n<p>13. Administrator realizuje funkcje pozyskiwania informacji o u\u017cytkownikach i ich zachowaniach w nast\u0119puj\u0105cy spos\u00f3b:<\/p>\n<p>\u2022 poprzez dobrowolnie wprowadzenie informacji w formularzach,<\/p>\n<p>\u2022 poprzez gromadzenie plik\u00f3w \u201ccookies\u201d.<\/p>\n<p>14. Przy pierwszej wizycie na stronie <strong>www.pokojewgdyni.pl<\/strong> u\u017cytkownik jest informowany o u\u017cywaniu plik\u00f3w cookies. Pozostaj\u0105c na stronie u\u017cytkownik akceptuje stosowanie plik\u00f3w cookies na stronie internetowej. Brak zmiany, po stronie u\u017cytkownika, ustawie\u0144 przegl\u0105darki, jest r\u00f3wnoznaczny z wyra\u017ceniem zgody na u\u017cycie plik\u00f3w \u201ecookies\u201d.<\/p>\n<p>15. Instalacja plik\u00f3w \u201ecookies\u201d jest konieczna do prawid\u0142owego \u015bwiadczenia us\u0142ug w Serwisie. W plikach \u201ecookies&#8221; znajduj\u0105 si\u0119 informacje niezb\u0119dne do prawid\u0142owego funkcjonowania strony internetowej, w szczeg\u00f3lno\u015bci tych wymagaj\u0105cych autoryzacji. U\u017cytkownik mo\u017ce w ka\u017cdym czasie zmieni\u0107 ustawienia swojej przegl\u0105darki, w zakresie obs\u0142ugi i zapisu plik\u00f3w cookies.<\/p>\n<p>16. W ramach Serwisu stosowane s\u0105 nast\u0119puj\u0105ce rodzaje plik\u00f3w \u201ecookies\u201d<\/p>\n<p>\u2022 sesyjne &#8211; pozostaj\u0105 w przegl\u0105darce do momentu jej wy\u0142\u0105czenia lub wylogowania si\u0119 ze strony internetowej na kt\u00f3rej zosta\u0142y zamieszczone,<\/p>\n<p>\u2022 sta\u0142e &#8211; pozostaj\u0105 w przegl\u0105darce internetowej urz\u0105dzenia do czasu ich usuni\u0119cia przez u\u017cytkownika b\u0105d\u017a do z g\u00f3ry ustalonego czasu okre\u015blonego w parametrach pliku cookies.<\/p>\n<p>17. Pod wzgl\u0119dem funkcjonalno\u015bci ka\u017cdego pliku cookie mo\u017cna je podzieli\u0107 na:<\/p>\n<p>\u2022 pliki konwersji, kt\u00f3ra pozwalaj\u0105 analizowa\u0107 wydajno\u015b\u0107 r\u00f3\u017cnych kana\u0142\u00f3w sprzeda\u017cy<\/p>\n<p>\u2022 pliki trackowania (\u015bledzenia), kt\u00f3re w po\u0142\u0105czeniu z konwersjami pomagaj\u0105 analizowa\u0107 wydajno\u015b\u0107 r\u00f3\u017cnych kana\u0142\u00f3w sprzeda\u017cy<\/p>\n<p>\u2022 pliki marketingowe, u\u017cywane do personalizowania tre\u015bci reklam i ich w\u0142a\u015bciwego kierowania<\/p>\n<p>\u2022 pliki marketingowe, u\u017cywane do personalizowania tre\u015bci reklam i ich w\u0142a\u015bciwego kierowania<\/p>\n<p>\u2022 narz\u0119dzia analityczne, kt\u00f3re pomagaj\u0105 poprawi\u0107 komfort korzystania z witryny dzi\u0119ki zrozumieniu, jak korzystaj\u0105 z niej u\u017cytkownicy<\/p>\n<p>\u2022 pliki niezb\u0119dne, czyli fundamentalne dla podstawowej funkcjonalno\u015bci strony Pliki cookie, kt\u00f3re stosujemy, pozwalaj\u0105 nam rozwija\u0107 nasz\u0105 stron\u0119.<\/p>\n<p>18. Niekt\u00f3re pliki \u201ccookies\u201d mog\u0105 by\u0107 umieszczane przez dostawc\u0119 witryny internetowej i systemu rezerwacji online jedynie w celu:<\/p>\n<p>\u2022 doskonalenia i wspierania procesu rezerwacji<\/p>\n<p>\u2022 analizy i zbierania danych statystycznych, dotycz\u0105cych wykorzystania strony internetowej i systemu rezerwacji online, w celu ich poprawy<\/p>\n<p>19. W Serwisie mog\u0105 pojawia\u0107 si\u0119 linki do innych stron internetowych, kt\u00f3re dzia\u0142aj\u0105 niezale\u017cnie od Serwisu i nie s\u0105 w \u017caden spos\u00f3b nadzorowane przez Serwis. Strony te mog\u0105 posiada\u0107 w\u0142asne polityki dotycz\u0105ce prywatno\u015bci oraz regulaminy, z kt\u00f3rymi zalecamy si\u0119 uwa\u017cnie zapozna\u0107.<\/p>\n<p>20. Administrator zastrzega sobie prawo do zmiany w polityce prywatno\u015bci serwisu, co mo\u017ce zosta\u0107 spowodowane przez rozw\u00f3j technologii internetowej, ewentualne zmiany prawa w zakresie ochrony danych osobowych oraz rozw\u00f3j Serwisu. O wszelkich zmianach b\u0119dziemy informowa\u0107 u\u017cytkownik\u00f3w w spos\u00f3b widoczny i zrozumia\u0142y.<\/p>\t\t\t\t\t\t\t\t<\/div>\n\t\t\t\t<\/div>\n\t\t\t\t\t<\/div>\n\t\t<\/div>\n\t\t\t\t\t<\/div>\n\t\t<\/section>\n\t\t\t\t<\/div>\n\t\t","protected":false},"excerpt":{"rendered":"<p>1. Niniejsza Polityka Prywatno\u015bci okre\u015bla zasady przetwarzania i ochrony danych osobowych przekazanych przez u\u017cytkownik\u00f3w w zwi\u0105zku z korzystaniem przez nich z us\u0142ug oferowanych przez serwis internetowy www.pokojewgdyni.pl (dalej: Serwis) 2. Administratorem danych osobowych zawartych w Serwisie jest Kosayar Sp. z o.o. , ul. Morska 162A, 81-225 Gdynia wpisan\u0105 do rejestru przedsi\u0119biorc\u00f3w pod numerem NIP: 586 [&hellip;]<\/p>\n","protected":false},"author":2,"featured_media":0,"parent":0,"menu_order":0,"comment_status":"closed","ping_status":"closed","template":"elementor_header_footer","meta":{"footnotes":""},"class_list":["post-3","page","type-page","status-publish","hentry"],"_links":{"self":[{"href":"https:\/\/www.pokojewgdyni.pl\/ru\/wp-json\/wp\/v2\/pages\/3","targetHints":{"allow":["GET"]}}],"collection":[{"href":"https:\/\/www.pokojewgdyni.pl\/ru\/wp-json\/wp\/v2\/pages"}],"about":[{"href":"https:\/\/www.pokojewgdyni.pl\/ru\/wp-json\/wp\/v2\/types\/page"}],"author":[{"embeddable":true,"href":"https:\/\/www.pokojewgdyni.pl\/ru\/wp-json\/wp\/v2\/users\/2"}],"replies":[{"embeddable":true,"href":"https:\/\/www.pokojewgdyni.pl\/ru\/wp-json\/wp\/v2\/comments?post=3"}],"version-history":[{"count":0,"href":"https:\/\/www.pokojewgdyni.pl\/ru\/wp-json\/wp\/v2\/pages\/3\/revisions"}],"wp:attachment":[{"href":"https:\/\/www.pokojewgdyni.pl\/ru\/wp-json\/wp\/v2\/media?parent=3"}],"curies":[{"name":"wp","href":"https:\/\/api.w.org\/{rel}","templated":true}]}}